{"id":29065,"date":"2025-07-24T07:31:46","date_gmt":"2025-07-24T07:31:46","guid":{"rendered":"https:\/\/zlataraimperia.rs\/shop\/uncategorized\/zlatne-visece-mindjuse\/"},"modified":"2026-02-07T17:04:30","modified_gmt":"2026-02-07T17:04:30","slug":"zlatne-visece-mindjuse","status":"publish","type":"product","link":"https:\/\/zlataraimperia.rs\/en\/mindjuse\/zlatne-visece-mindjuse\/","title":{"rendered":"Gold dangle earrings"},"content":{"rendered":"","protected":false},"excerpt":{"rendered":"<p>Zlatne vise\u0107e min\u0111u\u0161e neobi\u010dnog dizajna.<\/p>","protected":false},"featured_media":29067,"comment_status":"closed","ping_status":"closed","template":"","meta":[],"product_brand":[],"product_cat":[126],"product_tag":[],"class_list":{"0":"post-29065","1":"product","2":"type-product","3":"status-publish","4":"has-post-thumbnail","6":"product_cat-mindjuse","7":"pa_materijali-zuto-zlato","8":"pa_vrste-kamena-bez-kamena","10":"first","11":"instock","12":"purchasable","13":"product-type-simple"},"_links":{"self":[{"href":"https:\/\/zlataraimperia.rs\/en\/wp-json\/wp\/v2\/product\/29065","targetHints":{"allow":["GET"]}}],"collection":[{"href":"https:\/\/zlataraimperia.rs\/en\/wp-json\/wp\/v2\/product"}],"about":[{"href":"https:\/\/zlataraimperia.rs\/en\/wp-json\/wp\/v2\/types\/product"}],"replies":[{"embeddable":true,"href":"https:\/\/zlataraimperia.rs\/en\/wp-json\/wp\/v2\/comments?post=29065"}],"version-history":[{"count":1,"href":"https:\/\/zlataraimperia.rs\/en\/wp-json\/wp\/v2\/product\/29065\/revisions"}],"predecessor-version":[{"id":29066,"href":"https:\/\/zlataraimperia.rs\/en\/wp-json\/wp\/v2\/product\/29065\/revisions\/29066"}],"wp:featuredmedia":[{"embeddable":true,"href":"https:\/\/zlataraimperia.rs\/en\/wp-json\/wp\/v2\/media\/29067"}],"wp:attachment":[{"href":"https:\/\/zlataraimperia.rs\/en\/wp-json\/wp\/v2\/media?parent=29065"}],"wp:term":[{"taxonomy":"product_brand","embeddable":true,"href":"https:\/\/zlataraimperia.rs\/en\/wp-json\/wp\/v2\/product_brand?post=29065"},{"taxonomy":"product_cat","embeddable":true,"href":"https:\/\/zlataraimperia.rs\/en\/wp-json\/wp\/v2\/product_cat?post=29065"},{"taxonomy":"product_tag","embeddable":true,"href":"https:\/\/zlataraimperia.rs\/en\/wp-json\/wp\/v2\/product_tag?post=29065"}],"curies":[{"name":"wp","href":"https:\/\/api.w.org\/{rel}","templated":true}]}}