{"id":29011,"date":"2025-07-24T07:30:50","date_gmt":"2025-07-24T07:30:50","guid":{"rendered":"https:\/\/zlataraimperia.rs\/shop\/uncategorized\/mindjuse-od-tri-boje-zlata\/"},"modified":"2026-02-07T17:04:29","modified_gmt":"2026-02-07T17:04:29","slug":"mindjuse-od-tri-boje-zlata","status":"publish","type":"product","link":"https:\/\/zlataraimperia.rs\/en\/mindjuse\/mindjuse-od-tri-boje-zlata\/","title":{"rendered":"Min\u0111u\u0161e od tri boje zlata"},"content":{"rendered":"","protected":false},"excerpt":{"rendered":"<p>Min\u0111u\u0161e alke kreirane od tri vrste zlata, roze, \u017eutog i belog. Jedinstven i lep dizajn.<\/p>","protected":false},"featured_media":29013,"comment_status":"closed","ping_status":"open","template":"","meta":[],"product_brand":[],"product_cat":[126],"product_tag":[],"class_list":{"0":"post-29011","1":"product","2":"type-product","3":"status-publish","4":"has-post-thumbnail","6":"product_cat-mindjuse","7":"pa_materijali-kombinacija-zlata","8":"pa_vrste-kamena-bez-kamena","10":"first","11":"instock","12":"purchasable","13":"product-type-simple"},"_links":{"self":[{"href":"https:\/\/zlataraimperia.rs\/en\/wp-json\/wp\/v2\/product\/29011","targetHints":{"allow":["GET"]}}],"collection":[{"href":"https:\/\/zlataraimperia.rs\/en\/wp-json\/wp\/v2\/product"}],"about":[{"href":"https:\/\/zlataraimperia.rs\/en\/wp-json\/wp\/v2\/types\/product"}],"replies":[{"embeddable":true,"href":"https:\/\/zlataraimperia.rs\/en\/wp-json\/wp\/v2\/comments?post=29011"}],"version-history":[{"count":1,"href":"https:\/\/zlataraimperia.rs\/en\/wp-json\/wp\/v2\/product\/29011\/revisions"}],"predecessor-version":[{"id":29012,"href":"https:\/\/zlataraimperia.rs\/en\/wp-json\/wp\/v2\/product\/29011\/revisions\/29012"}],"wp:featuredmedia":[{"embeddable":true,"href":"https:\/\/zlataraimperia.rs\/en\/wp-json\/wp\/v2\/media\/29013"}],"wp:attachment":[{"href":"https:\/\/zlataraimperia.rs\/en\/wp-json\/wp\/v2\/media?parent=29011"}],"wp:term":[{"taxonomy":"product_brand","embeddable":true,"href":"https:\/\/zlataraimperia.rs\/en\/wp-json\/wp\/v2\/product_brand?post=29011"},{"taxonomy":"product_cat","embeddable":true,"href":"https:\/\/zlataraimperia.rs\/en\/wp-json\/wp\/v2\/product_cat?post=29011"},{"taxonomy":"product_tag","embeddable":true,"href":"https:\/\/zlataraimperia.rs\/en\/wp-json\/wp\/v2\/product_tag?post=29011"}],"curies":[{"name":"wp","href":"https:\/\/api.w.org\/{rel}","templated":true}]}}