{"id":29008,"date":"2025-07-24T07:30:50","date_gmt":"2025-07-24T07:30:50","guid":{"rendered":"https:\/\/zlataraimperia.rs\/shop\/uncategorized\/dijamantske-mindjuse\/"},"modified":"2026-02-24T18:27:54","modified_gmt":"2026-02-24T18:27:54","slug":"dijamantske-mindjuse","status":"publish","type":"product","link":"https:\/\/zlataraimperia.rs\/en\/mindjuse\/dijamantske-mindjuse\/","title":{"rendered":"Dijamantske min\u0111u\u0161e"},"content":{"rendered":"","protected":false},"excerpt":{"rendered":"<p>Prelepe i neobi\u010dne min\u0111u\u0161e kreirane od belog zlata sa crnim dijamantima.<\/p>\n<p>Ove min\u0111u\u0161e mo\u017eete kupiti i u kompletu sa prstenom i ogrlicom istog dizajna <a href=\"https:\/\/zlataraimperia.rs\/en\/jewelry-sets\/dijamantski-kompet-sa-crnim-i-prozirnim-dijamantima\/\"><u>HERE<\/u><\/a>.<\/p>","protected":false},"featured_media":29010,"comment_status":"closed","ping_status":"closed","template":"","meta":[],"product_brand":[],"product_cat":[126],"product_tag":[],"class_list":{"0":"post-29008","1":"product","2":"type-product","3":"status-publish","4":"has-post-thumbnail","6":"product_cat-mindjuse","7":"pa_materijali-belo-zlato","8":"pa_vrste-kamena-dijamant","10":"first","11":"instock","12":"purchasable","13":"product-type-simple"},"_links":{"self":[{"href":"https:\/\/zlataraimperia.rs\/en\/wp-json\/wp\/v2\/product\/29008","targetHints":{"allow":["GET"]}}],"collection":[{"href":"https:\/\/zlataraimperia.rs\/en\/wp-json\/wp\/v2\/product"}],"about":[{"href":"https:\/\/zlataraimperia.rs\/en\/wp-json\/wp\/v2\/types\/product"}],"replies":[{"embeddable":true,"href":"https:\/\/zlataraimperia.rs\/en\/wp-json\/wp\/v2\/comments?post=29008"}],"version-history":[{"count":2,"href":"https:\/\/zlataraimperia.rs\/en\/wp-json\/wp\/v2\/product\/29008\/revisions"}],"predecessor-version":[{"id":33677,"href":"https:\/\/zlataraimperia.rs\/en\/wp-json\/wp\/v2\/product\/29008\/revisions\/33677"}],"wp:featuredmedia":[{"embeddable":true,"href":"https:\/\/zlataraimperia.rs\/en\/wp-json\/wp\/v2\/media\/29010"}],"wp:attachment":[{"href":"https:\/\/zlataraimperia.rs\/en\/wp-json\/wp\/v2\/media?parent=29008"}],"wp:term":[{"taxonomy":"product_brand","embeddable":true,"href":"https:\/\/zlataraimperia.rs\/en\/wp-json\/wp\/v2\/product_brand?post=29008"},{"taxonomy":"product_cat","embeddable":true,"href":"https:\/\/zlataraimperia.rs\/en\/wp-json\/wp\/v2\/product_cat?post=29008"},{"taxonomy":"product_tag","embeddable":true,"href":"https:\/\/zlataraimperia.rs\/en\/wp-json\/wp\/v2\/product_tag?post=29008"}],"curies":[{"name":"wp","href":"https:\/\/api.w.org\/{rel}","templated":true}]}}