{"id":29002,"date":"2025-07-24T07:30:50","date_gmt":"2025-07-24T07:30:50","guid":{"rendered":"https:\/\/zlataraimperia.rs\/shop\/uncategorized\/safirne-mindjuse-sa-brilijantima\/"},"modified":"2026-02-24T18:23:54","modified_gmt":"2026-02-24T18:23:54","slug":"safirne-mindjuse-sa-brilijantima","status":"publish","type":"product","link":"https:\/\/zlataraimperia.rs\/en\/mindjuse\/safirne-mindjuse-sa-brilijantima\/","title":{"rendered":"Safirne min\u0111u\u0161e sa brilijantima"},"content":{"rendered":"","protected":false},"excerpt":{"rendered":"<p>Min\u0111u\u0161e od belog zlata sa pink safirom i brilijantom.<\/p>\n<p>Ove min\u0111u\u0161e mo\u017eete kupiti i u kompletu sa prstenom i ogrlicom istog dizajna <a href=\"https:\/\/zlataraimperia.rs\/en\/jewelry-sets\/komplet-nakita-sa-pink-safirom-i-brilijantima\/\"><u>HERE<\/u><\/a>.<\/p>","protected":false},"featured_media":29004,"comment_status":"closed","ping_status":"closed","template":"","meta":[],"product_brand":[],"product_cat":[126],"product_tag":[],"class_list":{"0":"post-29002","1":"product","2":"type-product","3":"status-publish","4":"has-post-thumbnail","6":"product_cat-mindjuse","7":"pa_materijali-belo-zlato","8":"pa_vrste-kamena-brilijant","9":"pa_vrste-kamena-kombinacija-kamena","10":"pa_vrste-kamena-pink-safir","12":"first","13":"instock","14":"purchasable","15":"product-type-simple"},"_links":{"self":[{"href":"https:\/\/zlataraimperia.rs\/en\/wp-json\/wp\/v2\/product\/29002","targetHints":{"allow":["GET"]}}],"collection":[{"href":"https:\/\/zlataraimperia.rs\/en\/wp-json\/wp\/v2\/product"}],"about":[{"href":"https:\/\/zlataraimperia.rs\/en\/wp-json\/wp\/v2\/types\/product"}],"replies":[{"embeddable":true,"href":"https:\/\/zlataraimperia.rs\/en\/wp-json\/wp\/v2\/comments?post=29002"}],"version-history":[{"count":2,"href":"https:\/\/zlataraimperia.rs\/en\/wp-json\/wp\/v2\/product\/29002\/revisions"}],"predecessor-version":[{"id":32872,"href":"https:\/\/zlataraimperia.rs\/en\/wp-json\/wp\/v2\/product\/29002\/revisions\/32872"}],"wp:featuredmedia":[{"embeddable":true,"href":"https:\/\/zlataraimperia.rs\/en\/wp-json\/wp\/v2\/media\/29004"}],"wp:attachment":[{"href":"https:\/\/zlataraimperia.rs\/en\/wp-json\/wp\/v2\/media?parent=29002"}],"wp:term":[{"taxonomy":"product_brand","embeddable":true,"href":"https:\/\/zlataraimperia.rs\/en\/wp-json\/wp\/v2\/product_brand?post=29002"},{"taxonomy":"product_cat","embeddable":true,"href":"https:\/\/zlataraimperia.rs\/en\/wp-json\/wp\/v2\/product_cat?post=29002"},{"taxonomy":"product_tag","embeddable":true,"href":"https:\/\/zlataraimperia.rs\/en\/wp-json\/wp\/v2\/product_tag?post=29002"}],"curies":[{"name":"wp","href":"https:\/\/api.w.org\/{rel}","templated":true}]}}