{"id":28996,"date":"2025-07-24T07:30:50","date_gmt":"2025-07-24T07:30:50","guid":{"rendered":"https:\/\/zlataraimperia.rs\/shop\/uncategorized\/mindjuse-sa-rubinima-i-brilijantima\/"},"modified":"2026-02-24T18:27:13","modified_gmt":"2026-02-24T18:27:13","slug":"mindjuse-sa-rubinima-i-brilijantima","status":"publish","type":"product","link":"https:\/\/zlataraimperia.rs\/en\/mindjuse\/mindjuse-sa-rubinima-i-brilijantima\/","title":{"rendered":"Earrings with rubies and diamonds"},"content":{"rendered":"","protected":false},"excerpt":{"rendered":"<p>Min\u0111u\u0161e neobi\u010dnog dizajna sa rubinima i brilijantima.<\/p>\n<p>Ove min\u0111u\u0161e se mogu kupiti i u kompletu sa prstenom i ogrlicom istog dizajna <a href=\"https:\/\/zlataraimperia.rs\/en\/jewelry-sets\/komplet-nakita-sa-rubinima\/\"><u>HERE<\/u><\/a>.<\/p>","protected":false},"featured_media":28998,"comment_status":"closed","ping_status":"closed","template":"","meta":[],"product_brand":[],"product_cat":[126],"product_tag":[],"class_list":{"0":"post-28996","1":"product","2":"type-product","3":"status-publish","4":"has-post-thumbnail","6":"product_cat-mindjuse","7":"pa_materijali-belo-zlato","8":"pa_vrste-kamena-brilijant","9":"pa_vrste-kamena-kombinacija-kamena","10":"pa_vrste-kamena-rubin","12":"first","13":"instock","14":"purchasable","15":"product-type-simple"},"_links":{"self":[{"href":"https:\/\/zlataraimperia.rs\/en\/wp-json\/wp\/v2\/product\/28996","targetHints":{"allow":["GET"]}}],"collection":[{"href":"https:\/\/zlataraimperia.rs\/en\/wp-json\/wp\/v2\/product"}],"about":[{"href":"https:\/\/zlataraimperia.rs\/en\/wp-json\/wp\/v2\/types\/product"}],"replies":[{"embeddable":true,"href":"https:\/\/zlataraimperia.rs\/en\/wp-json\/wp\/v2\/comments?post=28996"}],"version-history":[{"count":2,"href":"https:\/\/zlataraimperia.rs\/en\/wp-json\/wp\/v2\/product\/28996\/revisions"}],"predecessor-version":[{"id":32870,"href":"https:\/\/zlataraimperia.rs\/en\/wp-json\/wp\/v2\/product\/28996\/revisions\/32870"}],"wp:featuredmedia":[{"embeddable":true,"href":"https:\/\/zlataraimperia.rs\/en\/wp-json\/wp\/v2\/media\/28998"}],"wp:attachment":[{"href":"https:\/\/zlataraimperia.rs\/en\/wp-json\/wp\/v2\/media?parent=28996"}],"wp:term":[{"taxonomy":"product_brand","embeddable":true,"href":"https:\/\/zlataraimperia.rs\/en\/wp-json\/wp\/v2\/product_brand?post=28996"},{"taxonomy":"product_cat","embeddable":true,"href":"https:\/\/zlataraimperia.rs\/en\/wp-json\/wp\/v2\/product_cat?post=28996"},{"taxonomy":"product_tag","embeddable":true,"href":"https:\/\/zlataraimperia.rs\/en\/wp-json\/wp\/v2\/product_tag?post=28996"}],"curies":[{"name":"wp","href":"https:\/\/api.w.org\/{rel}","templated":true}]}}