{"id":28978,"date":"2025-07-24T07:30:50","date_gmt":"2025-07-24T07:30:50","guid":{"rendered":"https:\/\/zlataraimperia.rs\/shop\/uncategorized\/zlatne-mindjuse-alke-3473\/"},"modified":"2026-02-07T17:04:29","modified_gmt":"2026-02-07T17:04:29","slug":"zlatne-mindjuse-alke-3473","status":"publish","type":"product","link":"https:\/\/zlataraimperia.rs\/en\/mindjuse\/zlatne-mindjuse-alke-3473\/","title":{"rendered":"Gold hoop earrings"},"content":{"rendered":"","protected":false},"excerpt":{"rendered":"<p>Min\u0111u\u0161e u obliku zlatnih alki fine zavr\u0161ne obrade.<\/p>","protected":false},"featured_media":28980,"comment_status":"closed","ping_status":"open","template":"","meta":[],"product_brand":[],"product_cat":[126],"product_tag":[],"class_list":{"0":"post-28978","1":"product","2":"type-product","3":"status-publish","4":"has-post-thumbnail","6":"product_cat-mindjuse","7":"pa_materijali-zuto-zlato","8":"pa_vrste-kamena-bez-kamena","10":"first","11":"instock","12":"purchasable","13":"product-type-simple"},"_links":{"self":[{"href":"https:\/\/zlataraimperia.rs\/en\/wp-json\/wp\/v2\/product\/28978","targetHints":{"allow":["GET"]}}],"collection":[{"href":"https:\/\/zlataraimperia.rs\/en\/wp-json\/wp\/v2\/product"}],"about":[{"href":"https:\/\/zlataraimperia.rs\/en\/wp-json\/wp\/v2\/types\/product"}],"replies":[{"embeddable":true,"href":"https:\/\/zlataraimperia.rs\/en\/wp-json\/wp\/v2\/comments?post=28978"}],"version-history":[{"count":1,"href":"https:\/\/zlataraimperia.rs\/en\/wp-json\/wp\/v2\/product\/28978\/revisions"}],"predecessor-version":[{"id":28979,"href":"https:\/\/zlataraimperia.rs\/en\/wp-json\/wp\/v2\/product\/28978\/revisions\/28979"}],"wp:featuredmedia":[{"embeddable":true,"href":"https:\/\/zlataraimperia.rs\/en\/wp-json\/wp\/v2\/media\/28980"}],"wp:attachment":[{"href":"https:\/\/zlataraimperia.rs\/en\/wp-json\/wp\/v2\/media?parent=28978"}],"wp:term":[{"taxonomy":"product_brand","embeddable":true,"href":"https:\/\/zlataraimperia.rs\/en\/wp-json\/wp\/v2\/product_brand?post=28978"},{"taxonomy":"product_cat","embeddable":true,"href":"https:\/\/zlataraimperia.rs\/en\/wp-json\/wp\/v2\/product_cat?post=28978"},{"taxonomy":"product_tag","embeddable":true,"href":"https:\/\/zlataraimperia.rs\/en\/wp-json\/wp\/v2\/product_tag?post=28978"}],"curies":[{"name":"wp","href":"https:\/\/api.w.org\/{rel}","templated":true}]}}