{"id":28917,"date":"2025-07-24T07:29:25","date_gmt":"2025-07-24T07:29:25","guid":{"rendered":"https:\/\/zlataraimperia.rs\/shop\/uncategorized\/zlatne-mindjuse-3830\/"},"modified":"2026-02-07T17:04:29","modified_gmt":"2026-02-07T17:04:29","slug":"zlatne-mindjuse-3830","status":"publish","type":"product","link":"https:\/\/zlataraimperia.rs\/en\/mindjuse\/zlatne-mindjuse-3830\/","title":{"rendered":"Gold earrings"},"content":{"rendered":"","protected":false},"excerpt":{"rendered":"<p>Min\u0111u\u0161e od \u017eutog i belog zlata.<\/p>","protected":false},"featured_media":28919,"comment_status":"closed","ping_status":"open","template":"","meta":[],"product_brand":[],"product_cat":[126],"product_tag":[],"class_list":{"0":"post-28917","1":"product","2":"type-product","3":"status-publish","4":"has-post-thumbnail","6":"product_cat-mindjuse","7":"pa_materijali-kombinacija-zlata","8":"pa_vrste-kamena-bez-kamena","10":"first","11":"instock","12":"purchasable","13":"product-type-simple"},"_links":{"self":[{"href":"https:\/\/zlataraimperia.rs\/en\/wp-json\/wp\/v2\/product\/28917","targetHints":{"allow":["GET"]}}],"collection":[{"href":"https:\/\/zlataraimperia.rs\/en\/wp-json\/wp\/v2\/product"}],"about":[{"href":"https:\/\/zlataraimperia.rs\/en\/wp-json\/wp\/v2\/types\/product"}],"replies":[{"embeddable":true,"href":"https:\/\/zlataraimperia.rs\/en\/wp-json\/wp\/v2\/comments?post=28917"}],"version-history":[{"count":1,"href":"https:\/\/zlataraimperia.rs\/en\/wp-json\/wp\/v2\/product\/28917\/revisions"}],"predecessor-version":[{"id":28918,"href":"https:\/\/zlataraimperia.rs\/en\/wp-json\/wp\/v2\/product\/28917\/revisions\/28918"}],"wp:featuredmedia":[{"embeddable":true,"href":"https:\/\/zlataraimperia.rs\/en\/wp-json\/wp\/v2\/media\/28919"}],"wp:attachment":[{"href":"https:\/\/zlataraimperia.rs\/en\/wp-json\/wp\/v2\/media?parent=28917"}],"wp:term":[{"taxonomy":"product_brand","embeddable":true,"href":"https:\/\/zlataraimperia.rs\/en\/wp-json\/wp\/v2\/product_brand?post=28917"},{"taxonomy":"product_cat","embeddable":true,"href":"https:\/\/zlataraimperia.rs\/en\/wp-json\/wp\/v2\/product_cat?post=28917"},{"taxonomy":"product_tag","embeddable":true,"href":"https:\/\/zlataraimperia.rs\/en\/wp-json\/wp\/v2\/product_tag?post=28917"}],"curies":[{"name":"wp","href":"https:\/\/api.w.org\/{rel}","templated":true}]}}