{"id":28911,"date":"2025-07-24T07:29:25","date_gmt":"2025-07-24T07:29:25","guid":{"rendered":"https:\/\/zlataraimperia.rs\/shop\/uncategorized\/mindjuse-zlatne-alkice\/"},"modified":"2026-02-07T17:04:29","modified_gmt":"2026-02-07T17:04:29","slug":"mindjuse-zlatne-alkice","status":"publish","type":"product","link":"https:\/\/zlataraimperia.rs\/en\/mindjuse\/mindjuse-zlatne-alkice\/","title":{"rendered":"Min\u0111u\u0161e zlatne alkice"},"content":{"rendered":"","protected":false},"excerpt":{"rendered":"<p>Min\u0111u\u0161e u obliku zlatnih alkica sa teksturom.<\/p>","protected":false},"featured_media":28913,"comment_status":"closed","ping_status":"open","template":"","meta":[],"product_brand":[],"product_cat":[126],"product_tag":[],"class_list":{"0":"post-28911","1":"product","2":"type-product","3":"status-publish","4":"has-post-thumbnail","6":"product_cat-mindjuse","7":"pa_materijali-zuto-zlato","8":"pa_vrste-kamena-bez-kamena","10":"first","11":"instock","12":"purchasable","13":"product-type-simple"},"_links":{"self":[{"href":"https:\/\/zlataraimperia.rs\/en\/wp-json\/wp\/v2\/product\/28911","targetHints":{"allow":["GET"]}}],"collection":[{"href":"https:\/\/zlataraimperia.rs\/en\/wp-json\/wp\/v2\/product"}],"about":[{"href":"https:\/\/zlataraimperia.rs\/en\/wp-json\/wp\/v2\/types\/product"}],"replies":[{"embeddable":true,"href":"https:\/\/zlataraimperia.rs\/en\/wp-json\/wp\/v2\/comments?post=28911"}],"version-history":[{"count":1,"href":"https:\/\/zlataraimperia.rs\/en\/wp-json\/wp\/v2\/product\/28911\/revisions"}],"predecessor-version":[{"id":28912,"href":"https:\/\/zlataraimperia.rs\/en\/wp-json\/wp\/v2\/product\/28911\/revisions\/28912"}],"wp:featuredmedia":[{"embeddable":true,"href":"https:\/\/zlataraimperia.rs\/en\/wp-json\/wp\/v2\/media\/28913"}],"wp:attachment":[{"href":"https:\/\/zlataraimperia.rs\/en\/wp-json\/wp\/v2\/media?parent=28911"}],"wp:term":[{"taxonomy":"product_brand","embeddable":true,"href":"https:\/\/zlataraimperia.rs\/en\/wp-json\/wp\/v2\/product_brand?post=28911"},{"taxonomy":"product_cat","embeddable":true,"href":"https:\/\/zlataraimperia.rs\/en\/wp-json\/wp\/v2\/product_cat?post=28911"},{"taxonomy":"product_tag","embeddable":true,"href":"https:\/\/zlataraimperia.rs\/en\/wp-json\/wp\/v2\/product_tag?post=28911"}],"curies":[{"name":"wp","href":"https:\/\/api.w.org\/{rel}","templated":true}]}}