{"id":28628,"date":"2025-07-24T07:24:08","date_gmt":"2025-07-24T07:24:08","guid":{"rendered":"https:\/\/zlataraimperia.rs\/shop\/uncategorized\/zlatne-mindjuse-4416\/"},"modified":"2026-02-07T17:04:26","modified_gmt":"2026-02-07T17:04:26","slug":"zlatne-mindjuse-4416","status":"publish","type":"product","link":"https:\/\/zlataraimperia.rs\/en\/mindjuse\/zlatne-mindjuse-4416\/","title":{"rendered":"Gold earrings"},"content":{"rendered":"","protected":false},"excerpt":{"rendered":"<p>Prelepe zlatne min\u0111u\u0161e neobi\u010dne teskture.<\/p>","protected":false},"featured_media":28630,"comment_status":"closed","ping_status":"open","template":"","meta":[],"product_brand":[],"product_cat":[126],"product_tag":[],"class_list":{"0":"post-28628","1":"product","2":"type-product","3":"status-publish","4":"has-post-thumbnail","6":"product_cat-mindjuse","7":"pa_materijali-zuto-zlato","8":"pa_vrste-kamena-bez-kamena","10":"first","11":"instock","12":"purchasable","13":"product-type-simple"},"_links":{"self":[{"href":"https:\/\/zlataraimperia.rs\/en\/wp-json\/wp\/v2\/product\/28628","targetHints":{"allow":["GET"]}}],"collection":[{"href":"https:\/\/zlataraimperia.rs\/en\/wp-json\/wp\/v2\/product"}],"about":[{"href":"https:\/\/zlataraimperia.rs\/en\/wp-json\/wp\/v2\/types\/product"}],"replies":[{"embeddable":true,"href":"https:\/\/zlataraimperia.rs\/en\/wp-json\/wp\/v2\/comments?post=28628"}],"version-history":[{"count":1,"href":"https:\/\/zlataraimperia.rs\/en\/wp-json\/wp\/v2\/product\/28628\/revisions"}],"predecessor-version":[{"id":28629,"href":"https:\/\/zlataraimperia.rs\/en\/wp-json\/wp\/v2\/product\/28628\/revisions\/28629"}],"wp:featuredmedia":[{"embeddable":true,"href":"https:\/\/zlataraimperia.rs\/en\/wp-json\/wp\/v2\/media\/28630"}],"wp:attachment":[{"href":"https:\/\/zlataraimperia.rs\/en\/wp-json\/wp\/v2\/media?parent=28628"}],"wp:term":[{"taxonomy":"product_brand","embeddable":true,"href":"https:\/\/zlataraimperia.rs\/en\/wp-json\/wp\/v2\/product_brand?post=28628"},{"taxonomy":"product_cat","embeddable":true,"href":"https:\/\/zlataraimperia.rs\/en\/wp-json\/wp\/v2\/product_cat?post=28628"},{"taxonomy":"product_tag","embeddable":true,"href":"https:\/\/zlataraimperia.rs\/en\/wp-json\/wp\/v2\/product_tag?post=28628"}],"curies":[{"name":"wp","href":"https:\/\/api.w.org\/{rel}","templated":true}]}}