{"id":28493,"date":"2025-07-24T07:22:01","date_gmt":"2025-07-24T07:22:01","guid":{"rendered":"https:\/\/zlataraimperia.rs\/shop\/uncategorized\/zlatnik-sa-motivom-svetog-save\/"},"modified":"2026-02-07T16:28:38","modified_gmt":"2026-02-07T16:28:38","slug":"zlatnik-sa-motivom-svetog-save","status":"publish","type":"product","link":"https:\/\/zlataraimperia.rs\/en\/kovani-zlatni-dukati\/zlatnik-sa-motivom-svetog-save\/","title":{"rendered":"Gold coin with Saint Sava motif"},"content":{"rendered":"","protected":false},"excerpt":{"rendered":"<p>Ducat with St. Sava motifs. The jewelry is made of 22k gold fineness 900\/1000.<\/p>\n<p>Cena je izra\u017eena za proizvod \u00d820 te\u017eine 3,50gr.<\/p>","protected":false},"featured_media":28495,"comment_status":"closed","ping_status":"closed","template":"","meta":[],"product_brand":[],"product_cat":[124],"product_tag":[],"class_list":{"0":"post-28493","1":"product","2":"type-product","3":"status-publish","4":"has-post-thumbnail","6":"product_cat-kovani-zlatni-dukati","7":"pa_materijali-zuto-zlato","9":"first","10":"instock","11":"purchasable","12":"product-type-simple"},"_links":{"self":[{"href":"https:\/\/zlataraimperia.rs\/en\/wp-json\/wp\/v2\/product\/28493","targetHints":{"allow":["GET"]}}],"collection":[{"href":"https:\/\/zlataraimperia.rs\/en\/wp-json\/wp\/v2\/product"}],"about":[{"href":"https:\/\/zlataraimperia.rs\/en\/wp-json\/wp\/v2\/types\/product"}],"replies":[{"embeddable":true,"href":"https:\/\/zlataraimperia.rs\/en\/wp-json\/wp\/v2\/comments?post=28493"}],"version-history":[{"count":2,"href":"https:\/\/zlataraimperia.rs\/en\/wp-json\/wp\/v2\/product\/28493\/revisions"}],"predecessor-version":[{"id":32737,"href":"https:\/\/zlataraimperia.rs\/en\/wp-json\/wp\/v2\/product\/28493\/revisions\/32737"}],"wp:featuredmedia":[{"embeddable":true,"href":"https:\/\/zlataraimperia.rs\/en\/wp-json\/wp\/v2\/media\/28495"}],"wp:attachment":[{"href":"https:\/\/zlataraimperia.rs\/en\/wp-json\/wp\/v2\/media?parent=28493"}],"wp:term":[{"taxonomy":"product_brand","embeddable":true,"href":"https:\/\/zlataraimperia.rs\/en\/wp-json\/wp\/v2\/product_brand?post=28493"},{"taxonomy":"product_cat","embeddable":true,"href":"https:\/\/zlataraimperia.rs\/en\/wp-json\/wp\/v2\/product_cat?post=28493"},{"taxonomy":"product_tag","embeddable":true,"href":"https:\/\/zlataraimperia.rs\/en\/wp-json\/wp\/v2\/product_tag?post=28493"}],"curies":[{"name":"wp","href":"https:\/\/api.w.org\/{rel}","templated":true}]}}