{"id":28490,"date":"2025-07-24T07:20:43","date_gmt":"2025-07-24T07:20:43","guid":{"rendered":"https:\/\/zlataraimperia.rs\/shop\/uncategorized\/zlatnik-sa-motivom-svetog-djordja\/"},"modified":"2026-02-07T16:33:12","modified_gmt":"2026-02-07T16:33:12","slug":"zlatnik-sa-motivom-svetog-djordja","status":"publish","type":"product","link":"https:\/\/zlataraimperia.rs\/en\/kovani-zlatni-dukati\/zlatnik-sa-motivom-svetog-djordja\/","title":{"rendered":"Gold coin with the motif of St. George"},"content":{"rendered":"","protected":false},"excerpt":{"rendered":"<p>Dukat koji sa jedne strane ima motiv Svetog \u0110or\u0111a, dok sa druge stoji motiv Srpske Pravoslavne Crkve. Zlatnik je izra\u0111en od 22k zlata fino\u0107e 900\/1000. <\/p>\n<p>The price is expressed for a \u00d816 product weighing 2.00 gr. To order ducats of the dimensions listed below, you can contact us by phone or email. <\/p>\n<p>Available weights: <\/p>\n<p>\u00d816 &#8211; 2,0g &#8211; 54.000,00 rsd<br \/>\u00d820 &#8211; 3,5g &#8211; 94.500,00 rsd<br \/>\u00d824 &#8211; 8,0g &#8211; 216.000,00 rsd<br \/>\u00d830 &#8211; 12,0g &#8211; 324.000,00 rsd<\/p>\n<p>Please call before ordering ducats to check if we have the desired ducat in stock.<\/p>","protected":false},"featured_media":28492,"comment_status":"closed","ping_status":"closed","template":"","meta":[],"product_brand":[],"product_cat":[124],"product_tag":[],"class_list":{"0":"post-28490","1":"product","2":"type-product","3":"status-publish","4":"has-post-thumbnail","6":"product_cat-kovani-zlatni-dukati","7":"pa_materijali-zuto-zlato","9":"first","10":"instock","11":"purchasable","12":"product-type-simple"},"_links":{"self":[{"href":"https:\/\/zlataraimperia.rs\/en\/wp-json\/wp\/v2\/product\/28490","targetHints":{"allow":["GET"]}}],"collection":[{"href":"https:\/\/zlataraimperia.rs\/en\/wp-json\/wp\/v2\/product"}],"about":[{"href":"https:\/\/zlataraimperia.rs\/en\/wp-json\/wp\/v2\/types\/product"}],"replies":[{"embeddable":true,"href":"https:\/\/zlataraimperia.rs\/en\/wp-json\/wp\/v2\/comments?post=28490"}],"version-history":[{"count":3,"href":"https:\/\/zlataraimperia.rs\/en\/wp-json\/wp\/v2\/product\/28490\/revisions"}],"predecessor-version":[{"id":33622,"href":"https:\/\/zlataraimperia.rs\/en\/wp-json\/wp\/v2\/product\/28490\/revisions\/33622"}],"wp:featuredmedia":[{"embeddable":true,"href":"https:\/\/zlataraimperia.rs\/en\/wp-json\/wp\/v2\/media\/28492"}],"wp:attachment":[{"href":"https:\/\/zlataraimperia.rs\/en\/wp-json\/wp\/v2\/media?parent=28490"}],"wp:term":[{"taxonomy":"product_brand","embeddable":true,"href":"https:\/\/zlataraimperia.rs\/en\/wp-json\/wp\/v2\/product_brand?post=28490"},{"taxonomy":"product_cat","embeddable":true,"href":"https:\/\/zlataraimperia.rs\/en\/wp-json\/wp\/v2\/product_cat?post=28490"},{"taxonomy":"product_tag","embeddable":true,"href":"https:\/\/zlataraimperia.rs\/en\/wp-json\/wp\/v2\/product_tag?post=28490"}],"curies":[{"name":"wp","href":"https:\/\/api.w.org\/{rel}","templated":true}]}}