{"id":28478,"date":"2025-07-24T07:20:43","date_gmt":"2025-07-24T07:20:43","guid":{"rendered":"https:\/\/zlataraimperia.rs\/shop\/uncategorized\/zlatni-dukat-bodorodica-trojerucica\/"},"modified":"2026-02-07T16:40:37","modified_gmt":"2026-02-07T16:40:37","slug":"zlatni-dukat-bogorodica-trojerucica","status":"publish","type":"product","link":"https:\/\/zlataraimperia.rs\/en\/kovani-zlatni-dukati\/zlatni-dukat-bogorodica-trojerucica\/","title":{"rendered":"Zlatni dukat Bogorodica trojeru\u010dica"},"content":{"rendered":"","protected":false},"excerpt":{"rendered":"<p>Dukat koji sa jedne strane ima motiv Bogorodice Trojeru\u010dice, dok sa druge stoji grb Srpske Pravoslavne Crkve. Zlatnik je izra\u0111en od 22k zlata fino\u0107e 900\/1000. <\/p>\n<p>The price is expressed for a \u00d816 product weighing 2.00 gr. To order ducats of the dimensions listed below, you can contact us by phone or email. <\/p>\n<p>Available weights: <\/p>\n<p>\u00d816 &#8211; 2,0g &#8211; 54.000,00 rsd<br \/>\u00d820 &#8211; 3,5g &#8211; 94.500,00 rsd<br \/>\u00d822 &#8211; 5,0g &#8211; 135.500,00 rsd<br \/>\u00d824 &#8211; 8,0g &#8211; 216.000,00 rsd<br \/>\u00d830 &#8211; 12,0g &#8211; 324.000,00 rsd<\/p>\n<p>Please call before ordering ducats to check if we have the desired ducat in stock.<\/p>","protected":false},"featured_media":28480,"comment_status":"closed","ping_status":"closed","template":"","meta":[],"product_brand":[],"product_cat":[124],"product_tag":[],"class_list":{"0":"post-28478","1":"product","2":"type-product","3":"status-publish","4":"has-post-thumbnail","6":"product_cat-kovani-zlatni-dukati","7":"pa_materijali-zuto-zlato","9":"first","10":"instock","11":"purchasable","12":"product-type-simple"},"_links":{"self":[{"href":"https:\/\/zlataraimperia.rs\/en\/wp-json\/wp\/v2\/product\/28478","targetHints":{"allow":["GET"]}}],"collection":[{"href":"https:\/\/zlataraimperia.rs\/en\/wp-json\/wp\/v2\/product"}],"about":[{"href":"https:\/\/zlataraimperia.rs\/en\/wp-json\/wp\/v2\/types\/product"}],"replies":[{"embeddable":true,"href":"https:\/\/zlataraimperia.rs\/en\/wp-json\/wp\/v2\/comments?post=28478"}],"version-history":[{"count":4,"href":"https:\/\/zlataraimperia.rs\/en\/wp-json\/wp\/v2\/product\/28478\/revisions"}],"predecessor-version":[{"id":33626,"href":"https:\/\/zlataraimperia.rs\/en\/wp-json\/wp\/v2\/product\/28478\/revisions\/33626"}],"wp:featuredmedia":[{"embeddable":true,"href":"https:\/\/zlataraimperia.rs\/en\/wp-json\/wp\/v2\/media\/28480"}],"wp:attachment":[{"href":"https:\/\/zlataraimperia.rs\/en\/wp-json\/wp\/v2\/media?parent=28478"}],"wp:term":[{"taxonomy":"product_brand","embeddable":true,"href":"https:\/\/zlataraimperia.rs\/en\/wp-json\/wp\/v2\/product_brand?post=28478"},{"taxonomy":"product_cat","embeddable":true,"href":"https:\/\/zlataraimperia.rs\/en\/wp-json\/wp\/v2\/product_cat?post=28478"},{"taxonomy":"product_tag","embeddable":true,"href":"https:\/\/zlataraimperia.rs\/en\/wp-json\/wp\/v2\/product_tag?post=28478"}],"curies":[{"name":"wp","href":"https:\/\/api.w.org\/{rel}","templated":true}]}}