{"id":28469,"date":"2025-07-24T07:20:43","date_gmt":"2025-07-24T07:20:43","guid":{"rendered":"https:\/\/zlataraimperia.rs\/shop\/uncategorized\/zlatnik-petar-petrovic-njegos\/"},"modified":"2026-02-07T16:39:46","modified_gmt":"2026-02-07T16:39:46","slug":"zlatnik-petar-petrovic-njegos","status":"publish","type":"product","link":"https:\/\/zlataraimperia.rs\/en\/kovani-zlatni-dukati\/zlatnik-petar-petrovic-njegos\/","title":{"rendered":"Goldsmith Petar Petrovi\u0107 Njego\u0161"},"content":{"rendered":"","protected":false},"excerpt":{"rendered":"<p>Dukat koji sa jedne strane ima lik Petra Petrovi\u0107a Njego\u0161a, dok sa druge stoji citat iz njegovog napoznatijeg dela Gorski Vijenac &#8222;Neka bude \u0161to biti ne mo\u017ee&#8220;. Zlatnik je izra\u0111en od 22k zlata fino\u0107e 900\/1000. <\/p>\n<p>The price is expressed for a \u00d816 product weighing 2.00 gr. To order ducats of the dimensions listed below, you can contact us by phone or email. <\/p>\n<p>Available weights: <\/p>\n<p>\u00d816 &#8211; 2,0g &#8211; 54.000,00 rsd<br \/>\u00d818 &#8211; 3,0g &#8211; 81.000,00 rsd<br \/>\u00d820 &#8211; 3,5g &#8211; 94.500,00 rsd<br \/>\u00d822 &#8211; 5,0g &#8211; 135.500,00 rsd<\/p>\n<p>Please call before ordering ducats to check if we have the desired ducat in stock.<\/p>","protected":false},"featured_media":28471,"comment_status":"closed","ping_status":"closed","template":"","meta":[],"product_brand":[],"product_cat":[124],"product_tag":[],"class_list":{"0":"post-28469","1":"product","2":"type-product","3":"status-publish","4":"has-post-thumbnail","6":"product_cat-kovani-zlatni-dukati","7":"pa_materijali-zuto-zlato","9":"first","10":"instock","11":"purchasable","12":"product-type-simple"},"_links":{"self":[{"href":"https:\/\/zlataraimperia.rs\/en\/wp-json\/wp\/v2\/product\/28469","targetHints":{"allow":["GET"]}}],"collection":[{"href":"https:\/\/zlataraimperia.rs\/en\/wp-json\/wp\/v2\/product"}],"about":[{"href":"https:\/\/zlataraimperia.rs\/en\/wp-json\/wp\/v2\/types\/product"}],"replies":[{"embeddable":true,"href":"https:\/\/zlataraimperia.rs\/en\/wp-json\/wp\/v2\/comments?post=28469"}],"version-history":[{"count":3,"href":"https:\/\/zlataraimperia.rs\/en\/wp-json\/wp\/v2\/product\/28469\/revisions"}],"predecessor-version":[{"id":33628,"href":"https:\/\/zlataraimperia.rs\/en\/wp-json\/wp\/v2\/product\/28469\/revisions\/33628"}],"wp:featuredmedia":[{"embeddable":true,"href":"https:\/\/zlataraimperia.rs\/en\/wp-json\/wp\/v2\/media\/28471"}],"wp:attachment":[{"href":"https:\/\/zlataraimperia.rs\/en\/wp-json\/wp\/v2\/media?parent=28469"}],"wp:term":[{"taxonomy":"product_brand","embeddable":true,"href":"https:\/\/zlataraimperia.rs\/en\/wp-json\/wp\/v2\/product_brand?post=28469"},{"taxonomy":"product_cat","embeddable":true,"href":"https:\/\/zlataraimperia.rs\/en\/wp-json\/wp\/v2\/product_cat?post=28469"},{"taxonomy":"product_tag","embeddable":true,"href":"https:\/\/zlataraimperia.rs\/en\/wp-json\/wp\/v2\/product_tag?post=28469"}],"curies":[{"name":"wp","href":"https:\/\/api.w.org\/{rel}","templated":true}]}}