{"id":28412,"date":"2025-07-24T07:19:22","date_gmt":"2025-07-24T07:19:22","guid":{"rendered":"https:\/\/zlataraimperia.rs\/shop\/uncategorized\/dijamantska-ogrlica-sa-mindjusama\/"},"modified":"2025-10-10T19:49:52","modified_gmt":"2025-10-10T19:49:52","slug":"dijamantska-ogrlica-sa-mindjusama","status":"publish","type":"product","link":"https:\/\/zlataraimperia.rs\/en\/kompleti-nakita\/dijamantska-ogrlica-sa-mindjusama\/","title":{"rendered":"Dijamantska ogrlica sa min\u0111u\u0161ama"},"content":{"rendered":"","protected":false},"excerpt":{"rendered":"<p>Prelepi komplet od belog zlata koji \u010dine ogrlica i min\u0111u\u0161e sa dijamantima.<br \/>U na\u0161oj juvelirnici na Novom Beogradu ih mo\u017eete kupiti i odvojeno i to po ceni od 43.000,00 za ogrlicu i 64.850,00 za min\u0111u\u0161e.<\/p>","protected":false},"featured_media":28414,"comment_status":"closed","ping_status":"open","template":"","meta":[],"product_brand":[],"product_cat":[118],"product_tag":[],"class_list":{"0":"post-28412","1":"product","2":"type-product","3":"status-publish","4":"has-post-thumbnail","6":"product_cat-kompleti-nakita","7":"pa_materijali-belo-zlato","8":"pa_vrste-kamena-dijamant","10":"first","11":"instock","12":"purchasable","13":"product-type-simple"},"_links":{"self":[{"href":"https:\/\/zlataraimperia.rs\/en\/wp-json\/wp\/v2\/product\/28412","targetHints":{"allow":["GET"]}}],"collection":[{"href":"https:\/\/zlataraimperia.rs\/en\/wp-json\/wp\/v2\/product"}],"about":[{"href":"https:\/\/zlataraimperia.rs\/en\/wp-json\/wp\/v2\/types\/product"}],"replies":[{"embeddable":true,"href":"https:\/\/zlataraimperia.rs\/en\/wp-json\/wp\/v2\/comments?post=28412"}],"version-history":[{"count":1,"href":"https:\/\/zlataraimperia.rs\/en\/wp-json\/wp\/v2\/product\/28412\/revisions"}],"predecessor-version":[{"id":28413,"href":"https:\/\/zlataraimperia.rs\/en\/wp-json\/wp\/v2\/product\/28412\/revisions\/28413"}],"wp:featuredmedia":[{"embeddable":true,"href":"https:\/\/zlataraimperia.rs\/en\/wp-json\/wp\/v2\/media\/28414"}],"wp:attachment":[{"href":"https:\/\/zlataraimperia.rs\/en\/wp-json\/wp\/v2\/media?parent=28412"}],"wp:term":[{"taxonomy":"product_brand","embeddable":true,"href":"https:\/\/zlataraimperia.rs\/en\/wp-json\/wp\/v2\/product_brand?post=28412"},{"taxonomy":"product_cat","embeddable":true,"href":"https:\/\/zlataraimperia.rs\/en\/wp-json\/wp\/v2\/product_cat?post=28412"},{"taxonomy":"product_tag","embeddable":true,"href":"https:\/\/zlataraimperia.rs\/en\/wp-json\/wp\/v2\/product_tag?post=28412"}],"curies":[{"name":"wp","href":"https:\/\/api.w.org\/{rel}","templated":true}]}}