{"id":28399,"date":"2025-07-24T07:19:22","date_gmt":"2025-07-24T07:19:22","guid":{"rendered":"https:\/\/zlataraimperia.rs\/shop\/uncategorized\/komplet-mindjuse-i-ogrlica-detelina-sa-cetiri-lista\/"},"modified":"2026-02-07T18:31:54","modified_gmt":"2026-02-07T18:31:54","slug":"komplet-mindjuse-i-ogrlica-detelina-sa-cetiri-lista","status":"publish","type":"product","link":"https:\/\/zlataraimperia.rs\/en\/kompleti-nakita\/komplet-mindjuse-i-ogrlica-detelina-sa-cetiri-lista\/","title":{"rendered":"Komplet min\u0111u\u0161e i ogrlica detelina sa \u010detiri lista"},"content":{"rendered":"","protected":false},"excerpt":{"rendered":"<p>Komplet nakita koji \u010dine min\u0111u\u0161e i ogrlica. Komplet je dizajniran od \u017eutog zlata u obliku deteline sa \u010detiri lista koja je ukra\u0161ena brilijantima.<\/p>\n<p>Ove proizvode mo\u017eete kupiti i odvojeno na slede\u0107im linkovima <u><a href=\"https:\/\/zlataraimperia.rs\/en\/necklaces\/ogrlica-detelina-sa-cetiri-lista-3311\/\">NECKLACE<\/a><\/u>&nbsp; <u><a href=\"https:\/\/zlataraimperia.rs\/en\/earrings\/mindjuse-detelina-sa-cetiri-lista\/\">EARRINGS<\/a><\/u><\/p>","protected":false},"featured_media":28401,"comment_status":"closed","ping_status":"open","template":"","meta":[],"product_brand":[],"product_cat":[118],"product_tag":[],"class_list":{"0":"post-28399","1":"product","2":"type-product","3":"status-publish","4":"has-post-thumbnail","6":"product_cat-kompleti-nakita","7":"pa_materijali-zuto-zlato","8":"pa_vrste-kamena-bez-kamena","10":"first","11":"instock","12":"purchasable","13":"product-type-simple"},"_links":{"self":[{"href":"https:\/\/zlataraimperia.rs\/en\/wp-json\/wp\/v2\/product\/28399","targetHints":{"allow":["GET"]}}],"collection":[{"href":"https:\/\/zlataraimperia.rs\/en\/wp-json\/wp\/v2\/product"}],"about":[{"href":"https:\/\/zlataraimperia.rs\/en\/wp-json\/wp\/v2\/types\/product"}],"replies":[{"embeddable":true,"href":"https:\/\/zlataraimperia.rs\/en\/wp-json\/wp\/v2\/comments?post=28399"}],"version-history":[{"count":1,"href":"https:\/\/zlataraimperia.rs\/en\/wp-json\/wp\/v2\/product\/28399\/revisions"}],"predecessor-version":[{"id":28400,"href":"https:\/\/zlataraimperia.rs\/en\/wp-json\/wp\/v2\/product\/28399\/revisions\/28400"}],"wp:featuredmedia":[{"embeddable":true,"href":"https:\/\/zlataraimperia.rs\/en\/wp-json\/wp\/v2\/media\/28401"}],"wp:attachment":[{"href":"https:\/\/zlataraimperia.rs\/en\/wp-json\/wp\/v2\/media?parent=28399"}],"wp:term":[{"taxonomy":"product_brand","embeddable":true,"href":"https:\/\/zlataraimperia.rs\/en\/wp-json\/wp\/v2\/product_brand?post=28399"},{"taxonomy":"product_cat","embeddable":true,"href":"https:\/\/zlataraimperia.rs\/en\/wp-json\/wp\/v2\/product_cat?post=28399"},{"taxonomy":"product_tag","embeddable":true,"href":"https:\/\/zlataraimperia.rs\/en\/wp-json\/wp\/v2\/product_tag?post=28399"}],"curies":[{"name":"wp","href":"https:\/\/api.w.org\/{rel}","templated":true}]}}