{"id":28393,"date":"2025-07-24T07:19:22","date_gmt":"2025-07-24T07:19:22","guid":{"rendered":"https:\/\/zlataraimperia.rs\/shop\/uncategorized\/zlatna-ogrlica-i-mindjuse-sa-brilijantima\/"},"modified":"2025-10-10T19:49:51","modified_gmt":"2025-10-10T19:49:51","slug":"zlatna-ogrlica-i-mindjuse-sa-brilijantima","status":"publish","type":"product","link":"https:\/\/zlataraimperia.rs\/en\/kompleti-nakita\/zlatna-ogrlica-i-mindjuse-sa-brilijantima\/","title":{"rendered":"Gold necklace and earrings with diamonds"},"content":{"rendered":"","protected":false},"excerpt":{"rendered":"<p>Ogrlica i min\u0111u\u0161e od \u017eutog zlata sa brilijantima.<\/p>\n<p>Ove proizvode mo\u017eete kupiti i odvojeno na slede\u0107im linkovima <u><a href=\"https:\/\/zlataraimperia.rs\/en\/necklaces\/ogrlica-sa-brilijantom-3305\/\">NECKLACE<\/a><\/u>&nbsp; <u><a href=\"https:\/\/zlataraimperia.rs\/en\/earrings\/mindjuse-od-zutog-zlata-sa-brilijantima\/\">EARRINGS<\/a><\/u><\/p>","protected":false},"featured_media":28395,"comment_status":"closed","ping_status":"open","template":"","meta":[],"product_brand":[],"product_cat":[118],"product_tag":[],"class_list":{"0":"post-28393","1":"product","2":"type-product","3":"status-publish","4":"has-post-thumbnail","6":"product_cat-kompleti-nakita","7":"pa_materijali-zuto-zlato","8":"pa_vrste-kamena-brilijant","10":"first","11":"instock","12":"purchasable","13":"product-type-simple"},"_links":{"self":[{"href":"https:\/\/zlataraimperia.rs\/en\/wp-json\/wp\/v2\/product\/28393","targetHints":{"allow":["GET"]}}],"collection":[{"href":"https:\/\/zlataraimperia.rs\/en\/wp-json\/wp\/v2\/product"}],"about":[{"href":"https:\/\/zlataraimperia.rs\/en\/wp-json\/wp\/v2\/types\/product"}],"replies":[{"embeddable":true,"href":"https:\/\/zlataraimperia.rs\/en\/wp-json\/wp\/v2\/comments?post=28393"}],"version-history":[{"count":1,"href":"https:\/\/zlataraimperia.rs\/en\/wp-json\/wp\/v2\/product\/28393\/revisions"}],"predecessor-version":[{"id":28394,"href":"https:\/\/zlataraimperia.rs\/en\/wp-json\/wp\/v2\/product\/28393\/revisions\/28394"}],"wp:featuredmedia":[{"embeddable":true,"href":"https:\/\/zlataraimperia.rs\/en\/wp-json\/wp\/v2\/media\/28395"}],"wp:attachment":[{"href":"https:\/\/zlataraimperia.rs\/en\/wp-json\/wp\/v2\/media?parent=28393"}],"wp:term":[{"taxonomy":"product_brand","embeddable":true,"href":"https:\/\/zlataraimperia.rs\/en\/wp-json\/wp\/v2\/product_brand?post=28393"},{"taxonomy":"product_cat","embeddable":true,"href":"https:\/\/zlataraimperia.rs\/en\/wp-json\/wp\/v2\/product_cat?post=28393"},{"taxonomy":"product_tag","embeddable":true,"href":"https:\/\/zlataraimperia.rs\/en\/wp-json\/wp\/v2\/product_tag?post=28393"}],"curies":[{"name":"wp","href":"https:\/\/api.w.org\/{rel}","templated":true}]}}