{"id":28384,"date":"2025-07-24T07:19:22","date_gmt":"2025-07-24T07:19:22","guid":{"rendered":"https:\/\/zlataraimperia.rs\/shop\/uncategorized\/ogrlica-i-mindjuse-u-kompletu-od-belog-zlata\/"},"modified":"2026-02-07T18:31:54","modified_gmt":"2026-02-07T18:31:54","slug":"ogrlica-i-mindjuse-u-kompletu-od-belog-zlata","status":"publish","type":"product","link":"https:\/\/zlataraimperia.rs\/en\/kompleti-nakita\/ogrlica-i-mindjuse-u-kompletu-od-belog-zlata\/","title":{"rendered":"White gold necklace and earrings set"},"content":{"rendered":"","protected":false},"excerpt":{"rendered":"<p>Komplet od belog zlata neobi\u010dnog dizajna koji sadr\u017ei ogrlicu i min\u0111u\u0161e.<\/p>\n<p>Ove lepe komade nakita mo\u017eete kupiti i pojedina\u010dno na slede\u0107im linkovima <u><a href=\"https:\/\/zlataraimperia.rs\/en\/necklaces\/ogrlica-od-belog-zlata-sa-priveskom-3292\/\">NECKLACE<\/a><\/u> <u><a href=\"https:\/\/zlataraimperia.rs\/en\/earrings\/mindjuse-od-belog-zlata-3293\/\">EARRINGS<\/a><\/u><\/p>","protected":false},"featured_media":28386,"comment_status":"closed","ping_status":"open","template":"","meta":[],"product_brand":[],"product_cat":[118],"product_tag":[],"class_list":{"0":"post-28384","1":"product","2":"type-product","3":"status-publish","4":"has-post-thumbnail","6":"product_cat-kompleti-nakita","7":"pa_materijali-belo-zlato","8":"pa_vrste-kamena-bez-kamena","10":"first","11":"instock","12":"purchasable","13":"product-type-simple"},"_links":{"self":[{"href":"https:\/\/zlataraimperia.rs\/en\/wp-json\/wp\/v2\/product\/28384","targetHints":{"allow":["GET"]}}],"collection":[{"href":"https:\/\/zlataraimperia.rs\/en\/wp-json\/wp\/v2\/product"}],"about":[{"href":"https:\/\/zlataraimperia.rs\/en\/wp-json\/wp\/v2\/types\/product"}],"replies":[{"embeddable":true,"href":"https:\/\/zlataraimperia.rs\/en\/wp-json\/wp\/v2\/comments?post=28384"}],"version-history":[{"count":1,"href":"https:\/\/zlataraimperia.rs\/en\/wp-json\/wp\/v2\/product\/28384\/revisions"}],"predecessor-version":[{"id":28385,"href":"https:\/\/zlataraimperia.rs\/en\/wp-json\/wp\/v2\/product\/28384\/revisions\/28385"}],"wp:featuredmedia":[{"embeddable":true,"href":"https:\/\/zlataraimperia.rs\/en\/wp-json\/wp\/v2\/media\/28386"}],"wp:attachment":[{"href":"https:\/\/zlataraimperia.rs\/en\/wp-json\/wp\/v2\/media?parent=28384"}],"wp:term":[{"taxonomy":"product_brand","embeddable":true,"href":"https:\/\/zlataraimperia.rs\/en\/wp-json\/wp\/v2\/product_brand?post=28384"},{"taxonomy":"product_cat","embeddable":true,"href":"https:\/\/zlataraimperia.rs\/en\/wp-json\/wp\/v2\/product_cat?post=28384"},{"taxonomy":"product_tag","embeddable":true,"href":"https:\/\/zlataraimperia.rs\/en\/wp-json\/wp\/v2\/product_tag?post=28384"}],"curies":[{"name":"wp","href":"https:\/\/api.w.org\/{rel}","templated":true}]}}