{"id":28152,"date":"2025-07-24T07:16:25","date_gmt":"2025-07-24T07:16:25","guid":{"rendered":"https:\/\/zlataraimperia.rs\/shop\/uncategorized\/srecno-vencanje-model-4\/"},"modified":"2026-02-07T15:58:47","modified_gmt":"2026-02-07T15:58:47","slug":"srecno-vencanje-model-4","status":"publish","type":"product","link":"https:\/\/zlataraimperia.rs\/en\/gravirani-zlatni-dukati\/srecno-vencanje-model-4\/","title":{"rendered":"Happy wedding model 4"},"content":{"rendered":"","protected":false},"excerpt":{"rendered":"<p>Zlatnik\/dukat je izra\u0111en od 14k zlata fino\u0107e 585\/1000. <\/p>\n<p>Cena je izra\u017eena za osnovnu veli\u010dinu. Za poru\u010divanje dole navedenih veli\u010dina mo\u017eete nam se obratiti telefonom ili mailom. <\/p>\n<p>Available sizes:\u00a0<\/p>\n<p>veli\u010dina fi 17 mm\/ 1g = 19.000,00 rsd;<br \/>veli\u010dina fi 20 mm\/ 2g = 38.000,00 rsd;<br \/>veli\u010dina fi 23 mm\/ 3g = 57.000,00 rsd.<\/p>\n<p>Please call before ordering ducats to check if we have the desired ducat in stock.<\/p>","protected":false},"featured_media":28154,"comment_status":"closed","ping_status":"closed","template":"","meta":[],"product_brand":[],"product_cat":[115],"product_tag":[],"class_list":{"0":"post-28152","1":"product","2":"type-product","3":"status-publish","4":"has-post-thumbnail","6":"product_cat-gravirani-zlatni-dukati","7":"pa_materijali-zuto-zlato","9":"first","10":"instock","11":"purchasable","12":"product-type-simple"},"_links":{"self":[{"href":"https:\/\/zlataraimperia.rs\/en\/wp-json\/wp\/v2\/product\/28152","targetHints":{"allow":["GET"]}}],"collection":[{"href":"https:\/\/zlataraimperia.rs\/en\/wp-json\/wp\/v2\/product"}],"about":[{"href":"https:\/\/zlataraimperia.rs\/en\/wp-json\/wp\/v2\/types\/product"}],"replies":[{"embeddable":true,"href":"https:\/\/zlataraimperia.rs\/en\/wp-json\/wp\/v2\/comments?post=28152"}],"version-history":[{"count":7,"href":"https:\/\/zlataraimperia.rs\/en\/wp-json\/wp\/v2\/product\/28152\/revisions"}],"predecessor-version":[{"id":33586,"href":"https:\/\/zlataraimperia.rs\/en\/wp-json\/wp\/v2\/product\/28152\/revisions\/33586"}],"wp:featuredmedia":[{"embeddable":true,"href":"https:\/\/zlataraimperia.rs\/en\/wp-json\/wp\/v2\/media\/28154"}],"wp:attachment":[{"href":"https:\/\/zlataraimperia.rs\/en\/wp-json\/wp\/v2\/media?parent=28152"}],"wp:term":[{"taxonomy":"product_brand","embeddable":true,"href":"https:\/\/zlataraimperia.rs\/en\/wp-json\/wp\/v2\/product_brand?post=28152"},{"taxonomy":"product_cat","embeddable":true,"href":"https:\/\/zlataraimperia.rs\/en\/wp-json\/wp\/v2\/product_cat?post=28152"},{"taxonomy":"product_tag","embeddable":true,"href":"https:\/\/zlataraimperia.rs\/en\/wp-json\/wp\/v2\/product_tag?post=28152"}],"curies":[{"name":"wp","href":"https:\/\/api.w.org\/{rel}","templated":true}]}}