{"id":28077,"date":"2025-07-24T07:14:51","date_gmt":"2025-07-24T07:14:51","guid":{"rendered":"https:\/\/zlataraimperia.rs\/shop\/uncategorized\/dukat-moj-1-zlatnik-3514\/"},"modified":"2026-02-07T16:08:56","modified_gmt":"2026-02-07T16:08:56","slug":"dukat-moj-1-zlatnik-3514","status":"publish","type":"product","link":"https:\/\/zlataraimperia.rs\/en\/dukati-u-blisteru\/dukat-moj-1-zlatnik-3514\/","title":{"rendered":"Dukat \u2013 My 1st gold coin"},"content":{"rendered":"","protected":false},"excerpt":{"rendered":"<p>Hit proizvod, dukat u blisteru kao prigodno pakovanje za poklon. Zlatnik sa prikazanom cenom u ponudi je izra\u0111en od 14k zlata fino\u0107e 585\/1000 te\u017eine 1 gram. <\/p>\n<p>U mogu\u0107nosti smo ponuditi slede\u0107e veli\u010dine\/grama\u017ee po slede\u0107im cenama:\u00a0<\/p>\n<p>veli\u010dina fi 17 mm\/ 1g = 20.000,00 rsd;<br \/>veli\u010dina fi 20 mm\/ 2g = 39.000,00 rsd;<br \/>veli\u010dina fi 23 mm\/ 3g = 58.000,00 rsd.<\/p>\n<p>Please call before ordering ducats to check if we have the desired ducat in stock.<\/p>","protected":false},"featured_media":28079,"comment_status":"closed","ping_status":"closed","template":"","meta":[],"product_brand":[],"product_cat":[113],"product_tag":[],"class_list":{"0":"post-28077","1":"product","2":"type-product","3":"status-publish","4":"has-post-thumbnail","6":"product_cat-dukati-u-blisteru","7":"pa_materijali-zuto-zlato","9":"first","10":"instock","11":"purchasable","12":"product-type-simple"},"_links":{"self":[{"href":"https:\/\/zlataraimperia.rs\/en\/wp-json\/wp\/v2\/product\/28077","targetHints":{"allow":["GET"]}}],"collection":[{"href":"https:\/\/zlataraimperia.rs\/en\/wp-json\/wp\/v2\/product"}],"about":[{"href":"https:\/\/zlataraimperia.rs\/en\/wp-json\/wp\/v2\/types\/product"}],"replies":[{"embeddable":true,"href":"https:\/\/zlataraimperia.rs\/en\/wp-json\/wp\/v2\/comments?post=28077"}],"version-history":[{"count":5,"href":"https:\/\/zlataraimperia.rs\/en\/wp-json\/wp\/v2\/product\/28077\/revisions"}],"predecessor-version":[{"id":33611,"href":"https:\/\/zlataraimperia.rs\/en\/wp-json\/wp\/v2\/product\/28077\/revisions\/33611"}],"wp:featuredmedia":[{"embeddable":true,"href":"https:\/\/zlataraimperia.rs\/en\/wp-json\/wp\/v2\/media\/28079"}],"wp:attachment":[{"href":"https:\/\/zlataraimperia.rs\/en\/wp-json\/wp\/v2\/media?parent=28077"}],"wp:term":[{"taxonomy":"product_brand","embeddable":true,"href":"https:\/\/zlataraimperia.rs\/en\/wp-json\/wp\/v2\/product_brand?post=28077"},{"taxonomy":"product_cat","embeddable":true,"href":"https:\/\/zlataraimperia.rs\/en\/wp-json\/wp\/v2\/product_cat?post=28077"},{"taxonomy":"product_tag","embeddable":true,"href":"https:\/\/zlataraimperia.rs\/en\/wp-json\/wp\/v2\/product_tag?post=28077"}],"curies":[{"name":"wp","href":"https:\/\/api.w.org\/{rel}","templated":true}]}}