{"id":27693,"date":"2025-07-24T07:08:38","date_gmt":"2025-07-24T07:08:38","guid":{"rendered":"https:\/\/zlataraimperia.rs\/shop\/uncategorized\/burme-od-belog-i-zutog-zlata-3369\/"},"modified":"2026-03-06T09:41:54","modified_gmt":"2026-03-06T09:41:54","slug":"burme-od-belog-i-zutog-zlata-3369","status":"publish","type":"product","link":"https:\/\/zlataraimperia.rs\/en\/burme\/burme-od-belog-i-zutog-zlata-3369\/","title":{"rendered":"White and yellow gold wedding rings"},"content":{"rendered":"","protected":false},"excerpt":{"rendered":"<p>Svaki model mogu\u0107e je izraditi u belom, \u017eutom ili roze zlatu. Bitno je znati da se burma izra\u0111uje prema veli\u010dini prsta, pa shodno tome, cena i te\u017eina mogu da variraju.<\/p>\n<p>Prikazana cena je okvirna (\u0161to zna\u010di da se smanjenjem debljine burme, mo\u017ee uticati i na smanjenje cene i do 20%).<\/p>\n<p>Rok izrade je 14 dana, pa Vas molimo da nam se blagovremeno javite kako bismo mogli da ispunimo sve Va\u0161e \u017eelje u o\u010dekivanom roku.<\/p>","protected":false},"featured_media":27695,"comment_status":"closed","ping_status":"closed","template":"","meta":[],"product_brand":[],"product_cat":[106],"product_tag":[],"class_list":{"0":"post-27693","1":"product","2":"type-product","3":"status-publish","4":"has-post-thumbnail","6":"product_cat-burme","7":"pa_materijali-kombinacija-zlata","8":"pa_vrste-kamena-cirkon","10":"first","11":"instock","12":"purchasable","13":"product-type-simple"},"_links":{"self":[{"href":"https:\/\/zlataraimperia.rs\/en\/wp-json\/wp\/v2\/product\/27693","targetHints":{"allow":["GET"]}}],"collection":[{"href":"https:\/\/zlataraimperia.rs\/en\/wp-json\/wp\/v2\/product"}],"about":[{"href":"https:\/\/zlataraimperia.rs\/en\/wp-json\/wp\/v2\/types\/product"}],"replies":[{"embeddable":true,"href":"https:\/\/zlataraimperia.rs\/en\/wp-json\/wp\/v2\/comments?post=27693"}],"version-history":[{"count":2,"href":"https:\/\/zlataraimperia.rs\/en\/wp-json\/wp\/v2\/product\/27693\/revisions"}],"predecessor-version":[{"id":32387,"href":"https:\/\/zlataraimperia.rs\/en\/wp-json\/wp\/v2\/product\/27693\/revisions\/32387"}],"wp:featuredmedia":[{"embeddable":true,"href":"https:\/\/zlataraimperia.rs\/en\/wp-json\/wp\/v2\/media\/27695"}],"wp:attachment":[{"href":"https:\/\/zlataraimperia.rs\/en\/wp-json\/wp\/v2\/media?parent=27693"}],"wp:term":[{"taxonomy":"product_brand","embeddable":true,"href":"https:\/\/zlataraimperia.rs\/en\/wp-json\/wp\/v2\/product_brand?post=27693"},{"taxonomy":"product_cat","embeddable":true,"href":"https:\/\/zlataraimperia.rs\/en\/wp-json\/wp\/v2\/product_cat?post=27693"},{"taxonomy":"product_tag","embeddable":true,"href":"https:\/\/zlataraimperia.rs\/en\/wp-json\/wp\/v2\/product_tag?post=27693"}],"curies":[{"name":"wp","href":"https:\/\/api.w.org\/{rel}","templated":true}]}}