{"id":4439,"date":"2021-10-12T16:27:24","date_gmt":"2021-10-12T16:27:24","guid":{"rendered":"http:\/\/dummy.xtemos.com\/woodmart2\/elementor\/?page_id=4439"},"modified":"2025-08-19T12:06:23","modified_gmt":"2025-08-19T12:06:23","slug":"kontakt","status":"publish","type":"page","link":"https:\/\/zlataraimperia.rs\/en\/kontakt\/","title":{"rendered":"Contact"},"content":{"rendered":"\t\t<div data-elementor-type=\"wp-page\" data-elementor-id=\"4439\" class=\"elementor elementor-4439\" data-elementor-post-type=\"page\">\n\t\t\t\t<div class=\"wd-negative-gap elementor-element elementor-element-e07257a wd-section-stretch e-flex e-con-boxed e-con e-parent\" data-id=\"e07257a\" data-element_type=\"container\" data-e-type=\"container\" data-settings=\"{&quot;background_background&quot;:&quot;classic&quot;}\">\n\t\t\t\t\t<div class=\"e-con-inner\">\n\t\t\t\t<div class=\"elementor-element elementor-element-3d3471b elementor-widget elementor-widget-spacer\" data-id=\"3d3471b\" data-element_type=\"widget\" data-e-type=\"widget\" data-widget_type=\"spacer.default\">\n\t\t\t\t\t\t\t<div class=\"elementor-spacer\">\n\t\t\t<div class=\"elementor-spacer-inner\"><\/div>\n\t\t<\/div>\n\t\t\t\t\t\t<\/div>\n\t\t<div class=\"elementor-element elementor-element-17a92f8 e-con-full e-flex e-con e-child\" data-id=\"17a92f8\" data-element_type=\"container\" data-e-type=\"container\">\n\t\t\t\t<div class=\"elementor-element elementor-element-dde2664 elementor-widget elementor-widget-heading\" data-id=\"dde2664\" data-element_type=\"widget\" data-e-type=\"widget\" data-widget_type=\"heading.default\">\n\t\t\t\t\t<span class=\"elementor-heading-title elementor-size-default\">Vi ste ovde: <\/span>\t\t\t\t<\/div>\n\t\t\t\t<div class=\"elementor-element elementor-element-e935964 wd-el-breadcrumbs text-left elementor-widget elementor-widget-wd_wc_breadcrumb\" data-id=\"e935964\" data-element_type=\"widget\" data-e-type=\"widget\" data-widget_type=\"wd_wc_breadcrumb.default\">\n\t\t\t\t<div class=\"elementor-widget-container\">\n\t\t\t\t\t<nav class=\"wd-breadcrumbs woocommerce-breadcrumb\" aria-label=\"Breadcrumb\">\t\t\t\t<span class=\"wd-last\">\n\t\t\t\t\tHome\t\t\t\t<\/span>\n\t\t\t<\/nav>\t\t\t\t<\/div>\n\t\t\t\t<\/div>\n\t\t\t\t<\/div>\n\t\t\t\t<div class=\"elementor-element elementor-element-74d5268 elementor-widget elementor-widget-spacer\" data-id=\"74d5268\" data-element_type=\"widget\" data-e-type=\"widget\" data-widget_type=\"spacer.default\">\n\t\t\t\t\t\t\t<div class=\"elementor-spacer\">\n\t\t\t<div class=\"elementor-spacer-inner\"><\/div>\n\t\t<\/div>\n\t\t\t\t\t\t<\/div>\n\t\t\t\t\t<\/div>\n\t\t\t\t<\/div>\n\t\t<div class=\"wd-negative-gap elementor-element elementor-element-d9c298e e-flex e-con-boxed e-con e-parent\" data-id=\"d9c298e\" data-element_type=\"container\" data-e-type=\"container\">\n\t\t\t\t\t<div class=\"e-con-inner\">\n\t\t<div class=\"elementor-element elementor-element-507517b e-con-full e-flex e-con e-child\" data-id=\"507517b\" data-element_type=\"container\" data-e-type=\"container\">\n\t\t<div class=\"elementor-element elementor-element-f872f8e e-con-full elementor-hidden-tablet elementor-hidden-mobile e-flex e-con e-child\" data-id=\"f872f8e\" data-element_type=\"container\" data-e-type=\"container\" data-settings=\"{&quot;background_background&quot;:&quot;classic&quot;}\">\n\t\t\t\t<div class=\"elementor-element elementor-element-4f580dc elementor-widget elementor-widget-sidebar\" data-id=\"4f580dc\" data-element_type=\"widget\" data-e-type=\"widget\" data-widget_type=\"sidebar.default\">\n\t\t\t\t\t<div id=\"nav_menu-19\" class=\"wd-widget widget sidebar-widget widget_nav_menu\"><div class=\"menu-top-bar-right-container\"><ul id=\"menu-top-bar-right\" class=\"menu\"><li id=\"menu-item-31890\" class=\"menu-item menu-item-type-post_type menu-item-object-page menu-item-has-children menu-item-31890\"><a href=\"https:\/\/zlataraimperia.rs\/en\/info-stranice\/\">Info stranice<\/a>\n<ul class=\"sub-menu\">\n\t<li id=\"menu-item-31877\" class=\"menu-item menu-item-type-post_type menu-item-object-page menu-item-privacy-policy menu-item-31877\"><a rel=\"privacy-policy\" href=\"https:\/\/zlataraimperia.rs\/en\/info-stranice\/politika-privatnosti\/\">Politika privatnosti<\/a><\/li>\n\t<li id=\"menu-item-31879\" class=\"menu-item menu-item-type-post_type menu-item-object-page menu-item-31879\"><a href=\"https:\/\/zlataraimperia.rs\/en\/info-stranice\/nacini-placanja-i-isporuka\/\">Na\u010dini pla\u0107anja i isporuka<\/a><\/li>\n\t<li id=\"menu-item-31880\" class=\"menu-item menu-item-type-post_type menu-item-object-page menu-item-31880\"><a href=\"https:\/\/zlataraimperia.rs\/en\/info-stranice\/faqs\/\">Naj\u010de\u0161\u0107a pitanja<\/a><\/li>\n\t<li id=\"menu-item-31882\" class=\"menu-item menu-item-type-post_type menu-item-object-page menu-item-31882\"><a href=\"https:\/\/zlataraimperia.rs\/en\/info-stranice\/politika-reklamacija\/\">Politika reklamacija<\/a><\/li>\n\t<li id=\"menu-item-31884\" class=\"menu-item menu-item-type-post_type menu-item-object-page menu-item-31884\"><a href=\"https:\/\/zlataraimperia.rs\/en\/info-stranice\/uslovi-koriscenja\/\">Uslovi kori\u0161\u0107enja<\/a><\/li>\n<\/ul>\n<\/li>\n<li id=\"menu-item-31886\" class=\"menu-item menu-item-type-post_type menu-item-object-page menu-item-31886\"><a href=\"https:\/\/zlataraimperia.rs\/en\/kontakt\/\">Kontakt<\/a><\/li>\n<li id=\"menu-item-31887\" class=\"menu-item menu-item-type-post_type menu-item-object-page menu-item-31887\"><a href=\"https:\/\/zlataraimperia.rs\/en\/o-nama\/\">O nama<\/a><\/li>\n<li id=\"menu-item-31888\" class=\"menu-item menu-item-type-post_type menu-item-object-page menu-item-31888\"><a href=\"https:\/\/zlataraimperia.rs\/en\/busenje-usiju\/\">Bu\u0161enje u\u0161iju<\/a><\/li>\n<li id=\"menu-item-31891\" class=\"menu-item menu-item-type-post_type menu-item-object-page menu-item-31891\"><a href=\"https:\/\/zlataraimperia.rs\/en\/otkup-zlata\/\">Otkup zlata<\/a><\/li>\n<li id=\"menu-item-31892\" class=\"menu-item menu-item-type-post_type menu-item-object-page menu-item-31892\"><a href=\"https:\/\/zlataraimperia.rs\/en\/popravka-nakita\/\">Popravka nakita<\/a><\/li>\n<li id=\"menu-item-31889\" class=\"menu-item menu-item-type-post_type menu-item-object-page menu-item-31889\"><a href=\"https:\/\/zlataraimperia.rs\/en\/dijamant-u-blisteru\/\">Dijamant u blisteru<\/a><\/li>\n<\/ul><\/div><\/div>\t\t\t\t<\/div>\n\t\t\t\t<\/div>\n\t\t<div class=\"elementor-element elementor-element-a2bac02 e-con-full e-flex e-con e-child\" data-id=\"a2bac02\" data-element_type=\"container\" data-e-type=\"container\">\n\t\t\t\t<div class=\"elementor-element elementor-element-1d896bc color-scheme-inherit text-left elementor-widget elementor-widget-text-editor\" data-id=\"1d896bc\" data-element_type=\"widget\" data-e-type=\"widget\" data-widget_type=\"text-editor.default\">\n\t\t\t\t\t\t\t\t\t<p>Ako \u017eelite da nas kontaktirate mo\u017eete to u\u010diniti putem telefona, po\u0161tom ili preko onlajn kontakt forme.<\/p>\t\t\t\t\t\t\t\t<\/div>\n\t\t<div class=\"elementor-element elementor-element-6e484e4 e-con-full e-flex e-con e-child\" data-id=\"6e484e4\" data-element_type=\"container\" data-e-type=\"container\">\n\t\t<div class=\"elementor-element elementor-element-81a38e2 e-con-full e-flex e-con e-child\" data-id=\"81a38e2\" data-element_type=\"container\" data-e-type=\"container\">\n\t\t\t\t<div class=\"elementor-element elementor-element-33ca608 elementor-position-left elementor-vertical-align-middle elementor-widget elementor-widget-image-box\" data-id=\"33ca608\" data-element_type=\"widget\" data-e-type=\"widget\" data-widget_type=\"image-box.default\">\n\t\t\t\t\t<div class=\"elementor-image-box-wrapper\"><figure class=\"elementor-image-box-img\"><img loading=\"lazy\" decoding=\"async\" width=\"50\" height=\"50\" src=\"https:\/\/zlataraimperia.rs\/wp-content\/uploads\/2025\/08\/lokacija-ikonica-imperia-2.png\" class=\"attachment-full size-full wp-image-32030\" alt=\"\" srcset=\"https:\/\/zlataraimperia.rs\/wp-content\/uploads\/2025\/08\/lokacija-ikonica-imperia-2.png 50w, https:\/\/zlataraimperia.rs\/wp-content\/uploads\/2025\/08\/lokacija-ikonica-imperia-2-12x12.png 12w\" sizes=\"auto, (max-width: 50px) 100vw, 50px\" \/><\/figure><div class=\"elementor-image-box-content\"><span class=\"elementor-image-box-title\">Lokacija<\/span><p class=\"elementor-image-box-description\">ZLATARA IMPERIA\nZgrada \"\u0160eboj\", Belville \u0110or\u0111a Stanojevi\u0107a 9b<br>11070 Novi Beograd<\/p><\/div><\/div>\t\t\t\t<\/div>\n\t\t\t\t<\/div>\n\t\t<div class=\"elementor-element elementor-element-eebbe75 e-con-full e-flex e-con e-child\" data-id=\"eebbe75\" data-element_type=\"container\" data-e-type=\"container\">\n\t\t\t\t<div class=\"elementor-element elementor-element-4c8f8e2 elementor-position-left elementor-vertical-align-middle elementor-widget elementor-widget-image-box\" data-id=\"4c8f8e2\" data-element_type=\"widget\" data-e-type=\"widget\" data-widget_type=\"image-box.default\">\n\t\t\t\t\t<div class=\"elementor-image-box-wrapper\"><figure class=\"elementor-image-box-img\"><img loading=\"lazy\" decoding=\"async\" width=\"54\" height=\"54\" src=\"https:\/\/zlataraimperia.rs\/wp-content\/uploads\/2025\/08\/kontakt-ikonica-imperia-2.png\" class=\"attachment-full size-full wp-image-32031\" alt=\"\" srcset=\"https:\/\/zlataraimperia.rs\/wp-content\/uploads\/2025\/08\/kontakt-ikonica-imperia-2.png 54w, https:\/\/zlataraimperia.rs\/wp-content\/uploads\/2025\/08\/kontakt-ikonica-imperia-2-12x12.png 12w\" sizes=\"auto, (max-width: 54px) 100vw, 54px\" \/><\/figure><div class=\"elementor-image-box-content\"><span class=\"elementor-image-box-title\">Kontakt<\/span><p class=\"elementor-image-box-description\"><a href=\"tel:+381113240036\">+381 11 324 00 36<\/a>  \u2502<a href=\"tel:+38162324000\">+381 62 324 000<\/a><br>\n<a href=\"mailto:imperiazlatara@gmail.com\">imperiazlatara@gmail.com<\/a>\n<\/p><\/div><\/div>\t\t\t\t<\/div>\n\t\t\t\t<\/div>\n\t\t\t\t<\/div>\n\t\t\t\t<div class=\"elementor-element elementor-element-04e896f elementor-widget__width-initial elementor-widget elementor-widget-google_maps\" data-id=\"04e896f\" data-element_type=\"widget\" data-e-type=\"widget\" data-widget_type=\"google_maps.default\">\n\t\t\t\t\t\t\t<div class=\"elementor-custom-embed\">\n\t\t\t<iframe loading=\"lazy\"\n\t\t\t\t\tsrc=\"https:\/\/maps.google.com\/maps?q=Zlatara%20Imperia&#038;t=m&#038;z=16&#038;output=embed&#038;iwloc=near\"\n\t\t\t\t\ttitle=\"Zlatara Imperia\"\n\t\t\t\t\taria-label=\"Zlatara Imperia\"\n\t\t\t><\/iframe>\n\t\t<\/div>\n\t\t\t\t\t\t<\/div>\n\t\t\t\t<div class=\"elementor-element elementor-element-49875e0 elementor-widget elementor-widget-spacer\" data-id=\"49875e0\" data-element_type=\"widget\" data-e-type=\"widget\" data-widget_type=\"spacer.default\">\n\t\t\t\t\t\t\t<div class=\"elementor-spacer\">\n\t\t\t<div class=\"elementor-spacer-inner\"><\/div>\n\t\t<\/div>\n\t\t\t\t\t\t<\/div>\n\t\t\t\t<div class=\"elementor-element elementor-element-241fb4d elementor-widget elementor-widget-heading\" data-id=\"241fb4d\" data-element_type=\"widget\" data-e-type=\"widget\" data-widget_type=\"heading.default\">\n\t\t\t\t\t<h2 class=\"elementor-heading-title elementor-size-default\">Po\u0161aljite nam upit<\/h2>\t\t\t\t<\/div>\n\t\t\t\t<div class=\"elementor-element elementor-element-904457f elementor-widget-divider--view-line elementor-widget elementor-widget-divider\" data-id=\"904457f\" data-element_type=\"widget\" data-e-type=\"widget\" data-widget_type=\"divider.default\">\n\t\t\t\t\t\t\t<div class=\"elementor-divider\">\n\t\t\t<span class=\"elementor-divider-separator\">\n\t\t\t\t\t\t<\/span>\n\t\t<\/div>\n\t\t\t\t\t\t<\/div>\n\t\t\t\t<div class=\"elementor-element elementor-element-ff20aa9 elementor-button-align-start elementor-widget elementor-widget-form\" data-id=\"ff20aa9\" data-element_type=\"widget\" data-e-type=\"widget\" data-settings=\"{&quot;step_next_label&quot;:&quot;Next&quot;,&quot;step_previous_label&quot;:&quot;Previous&quot;,&quot;button_width&quot;:&quot;100&quot;,&quot;step_type&quot;:&quot;number_text&quot;,&quot;step_icon_shape&quot;:&quot;circle&quot;}\" data-widget_type=\"form.default\">\n\t\t\t\t\t\t\t<form class=\"elementor-form\" method=\"post\" name=\"New Form\" aria-label=\"New Form\">\n\t\t\t<input type=\"hidden\" name=\"post_id\" value=\"4439\"\/>\n\t\t\t<input type=\"hidden\" name=\"form_id\" value=\"ff20aa9\"\/>\n\t\t\t<input type=\"hidden\" name=\"referer_title\" value=\"Kontakt | Zlatara Imperia\" \/>\n\n\t\t\t\t\t\t\t<input type=\"hidden\" name=\"queried_id\" value=\"4439\"\/>\n\t\t\t\n\t\t\t<div class=\"elementor-form-fields-wrapper elementor-labels-\">\n\t\t\t\t\t\t\t\t<div class=\"elementor-field-type-text elementor-field-group elementor-column elementor-field-group-name elementor-col-50 elementor-md-100 elementor-field-required\">\n\t\t\t\t\t\t\t\t\t\t\t\t<label for=\"form-field-name\" class=\"elementor-field-label elementor-screen-only\">\n\t\t\t\t\t\t\t\tIme i prezime\t\t\t\t\t\t\t<\/label>\n\t\t\t\t\t\t\t\t\t\t\t\t\t\t<input size=\"1\" type=\"text\" name=\"form_fields[name]\" id=\"form-field-name\" class=\"elementor-field elementor-size-sm  elementor-field-textual\" placeholder=\"Ime i prezime\" required=\"required\">\n\t\t\t\t\t\t\t\t\t\t\t<\/div>\n\t\t\t\t\t\t\t\t<div class=\"elementor-field-type-email elementor-field-group elementor-column elementor-field-group-email elementor-col-50 elementor-md-100 elementor-field-required\">\n\t\t\t\t\t\t\t\t\t\t\t\t<label for=\"form-field-email\" class=\"elementor-field-label elementor-screen-only\">\n\t\t\t\t\t\t\t\tEmail adresa\t\t\t\t\t\t\t<\/label>\n\t\t\t\t\t\t\t\t\t\t\t\t\t\t<input size=\"1\" type=\"email\" name=\"form_fields[email]\" id=\"form-field-email\" class=\"elementor-field elementor-size-sm  elementor-field-textual\" placeholder=\"Email adresa\" required=\"required\">\n\t\t\t\t\t\t\t\t\t\t\t<\/div>\n\t\t\t\t\t\t\t\t<div class=\"elementor-field-type-text elementor-field-group elementor-column elementor-field-group-field_af7e12d elementor-col-50 elementor-md-100\">\n\t\t\t\t\t\t\t\t\t\t\t\t<label for=\"form-field-field_af7e12d\" class=\"elementor-field-label elementor-screen-only\">\n\t\t\t\t\t\t\t\tKontakt telefon (opciono)\t\t\t\t\t\t\t<\/label>\n\t\t\t\t\t\t\t\t\t\t\t\t\t\t<input size=\"1\" type=\"text\" name=\"form_fields[field_af7e12d]\" id=\"form-field-field_af7e12d\" class=\"elementor-field elementor-size-sm  elementor-field-textual\" placeholder=\"Kontakt telefon (opciono)\">\n\t\t\t\t\t\t\t\t\t\t\t<\/div>\n\t\t\t\t\t\t\t\t<div class=\"elementor-field-type-textarea elementor-field-group elementor-column elementor-field-group-message elementor-col-100 elementor-md-100\">\n\t\t\t\t\t\t\t\t\t\t\t\t<label for=\"form-field-message\" class=\"elementor-field-label elementor-screen-only\">\n\t\t\t\t\t\t\t\tTekst poruke\t\t\t\t\t\t\t<\/label>\n\t\t\t\t\t\t<textarea class=\"elementor-field-textual elementor-field  elementor-size-sm\" name=\"form_fields[message]\" id=\"form-field-message\" rows=\"4\" placeholder=\"Tekst poruke\"><\/textarea>\t\t\t\t<\/div>\n\t\t\t\t\t\t\t\t<div class=\"elementor-field-group elementor-column elementor-field-type-submit elementor-col-100 e-form__buttons\">\n\t\t\t\t\t<button class=\"elementor-button elementor-size-sm\" type=\"submit\" id=\"dugmenceNaKontaktu\">\n\t\t\t\t\t\t<span class=\"elementor-button-content-wrapper\">\n\t\t\t\t\t\t\t\t\t\t\t\t\t\t\t\t\t\t\t\t\t\t<span class=\"elementor-button-text\">Po\u0161aljite poruku<\/span>\n\t\t\t\t\t\t\t\t\t\t\t\t\t<\/span>\n\t\t\t\t\t<\/button>\n\t\t\t\t<\/div>\n\t\t\t<\/div>\n\t\t<\/form>\n\t\t\t\t\t\t<\/div>\n\t\t\t\t<\/div>\n\t\t\t\t<\/div>\n\t\t\t\t\t<\/div>\n\t\t\t\t<\/div>\n\t\t\t\t<\/div>\n\t\t","protected":false},"excerpt":{"rendered":"<p>Vi ste ovde: Home Ako \u017eelite da nas kontaktirate mo\u017eete to u\u010diniti putem telefona, po\u0161tom ili preko onlajn kontakt forme.<\/p>","protected":false},"author":2,"featured_media":0,"parent":0,"menu_order":0,"comment_status":"closed","ping_status":"closed","template":"","meta":{"footnotes":""},"class_list":["post-4439","page","type-page","status-publish","hentry"],"_links":{"self":[{"href":"https:\/\/zlataraimperia.rs\/en\/wp-json\/wp\/v2\/pages\/4439","targetHints":{"allow":["GET"]}}],"collection":[{"href":"https:\/\/zlataraimperia.rs\/en\/wp-json\/wp\/v2\/pages"}],"about":[{"href":"https:\/\/zlataraimperia.rs\/en\/wp-json\/wp\/v2\/types\/page"}],"author":[{"embeddable":true,"href":"https:\/\/zlataraimperia.rs\/en\/wp-json\/wp\/v2\/users\/2"}],"replies":[{"embeddable":true,"href":"https:\/\/zlataraimperia.rs\/en\/wp-json\/wp\/v2\/comments?post=4439"}],"version-history":[{"count":41,"href":"https:\/\/zlataraimperia.rs\/en\/wp-json\/wp\/v2\/pages\/4439\/revisions"}],"predecessor-version":[{"id":32043,"href":"https:\/\/zlataraimperia.rs\/en\/wp-json\/wp\/v2\/pages\/4439\/revisions\/32043"}],"wp:attachment":[{"href":"https:\/\/zlataraimperia.rs\/en\/wp-json\/wp\/v2\/media?parent=4439"}],"curies":[{"name":"wp","href":"https:\/\/api.w.org\/{rel}","templated":true}]}}