{"id":4400,"date":"2021-10-12T15:51:09","date_gmt":"2021-10-12T15:51:09","guid":{"rendered":"http:\/\/dummy.xtemos.com\/woodmart2\/elementor\/?page_id=4400"},"modified":"2025-07-24T15:23:00","modified_gmt":"2025-07-24T15:23:00","slug":"about-us","status":"publish","type":"page","link":"https:\/\/zlataraimperia.rs\/en\/o-nama\/","title":{"rendered":"About us"},"content":{"rendered":"<div data-elementor-type=\"wp-page\" data-elementor-id=\"4400\" class=\"elementor elementor-4400\" data-elementor-post-type=\"page\">\n\t\t\t\t\t\t<section class=\"wd-negative-gap elementor-section elementor-top-section elementor-element elementor-element-24d5fe wd-section-stretch elementor-section-boxed elementor-section-height-default elementor-section-height-default\" data-id=\"24d5fe\" data-element_type=\"section\" data-e-type=\"section\" data-settings=\"{&quot;background_background&quot;:&quot;classic&quot;}\">\n\t\t\t\t\t\t<div class=\"elementor-container elementor-column-gap-default\">\n\t\t\t\t\t<div class=\"elementor-column elementor-col-50 elementor-top-column elementor-element elementor-element-3c1b0c2\" data-id=\"3c1b0c2\" data-element_type=\"column\" data-e-type=\"column\">\n\t\t\t<div class=\"elementor-widget-wrap elementor-element-populated\">\n\t\t\t\t\t\t<div class=\"elementor-element elementor-element-1bb4f888 wd-width-100 elementor-widget elementor-widget-wd_title\" data-id=\"1bb4f888\" data-element_type=\"widget\" data-e-type=\"widget\" data-widget_type=\"wd_title.default\">\n\t\t\t\t<div class=\"elementor-widget-container\">\n\t\t\t\t\t\t\t<div class=\"title-wrapper wd-set-mb reset-last-child wd-title-color-primary wd-title-style-default wd-title-size-default text-left\">\n\n\t\t\t\t\t\t\t\t\t\t\t<div class=\"title-subtitle subtitle-color-primary subtitle-style-default wd-fontsize-xs\">\n\t\t\t\t\tTogether through the third decade\t\t\t\t<\/div>\n\t\t\t\n\t\t\t<div class=\"liner-continer\">\n\t\t\t\t<h4 class=\"woodmart-title-container title wd-fontsize-l\">We have been combining art and craft since 2000<\/h4> \n\t\t\t\t\t\t\t<\/div>\n\n\t\t\t\t\t\t\t<div class=\"title-after_title reset-last-child wd-fontsize-xs\">\n\t\t\t\t\t<p>Our story began in 2000, when we decided to follow our dreams. Over time, it turned out that this was the only correct path. We believe that love is the driving force behind everything because without it, Imperia would not exist today in this form. From the very beginning, we knew that success is not easy, but that quality always comes first. That&#039;s why we never agreed to compromises and always offered you only the best.<\/p><p>What gives our jewelry store its soul is family dedication and a shared vision. We could not reach this goal without your support.<\/p><p>For more than two decades, we have remained true to ourselves, respecting the trust you have placed in us. Today, out of that desire for constant progress, we are opening a new chapter under a new name, in a more modern space. Zlatara Mi\u0161ko, as you have known us until now, is becoming <strong>Imperia Jewellers<\/strong>. Although the name is new, what remains unchanged is the superior quality of our jewelry.<\/p><p>We combine tradition and innovation, with the desire to show you that timeless quality can come in a modern form. We are grateful that you have been with us all these years and that you choose us to be part of your most beautiful moments.<\/p><p>\u00a0<\/p><p>Your Imperia Gold Shop<\/p>\t\t\t\t<\/div>\n\t\t\t\t\t<\/div>\n\t\t\t\t\t\t<\/div>\n\t\t\t\t<\/div>\n\t\t\t\t\t<\/div>\n\t\t<\/div>\n\t\t\t\t<div class=\"elementor-column elementor-col-25 elementor-top-column elementor-element elementor-element-33c2f4b8 elementor-hidden-mobile\" data-id=\"33c2f4b8\" data-element_type=\"column\" data-e-type=\"column\">\n\t\t\t<div class=\"elementor-widget-wrap elementor-element-populated\">\n\t\t\t\t\t\t<div class=\"elementor-element elementor-element-a2b63f5 elementor-widget elementor-widget-wd_image_or_svg\" data-id=\"a2b63f5\" data-element_type=\"widget\" data-e-type=\"widget\" data-widget_type=\"wd_image_or_svg.default\">\n\t\t\t\t<div class=\"elementor-widget-container\">\n\t\t\t\t\t\n\t\t<div class=\"wd-image text-left\">\n\t\t\t\t\t\t\t\t<img loading=\"lazy\" decoding=\"async\" width=\"919\" height=\"919\" src=\"https:\/\/zlataraimperia.rs\/wp-content\/uploads\/2025\/07\/Screenshot-2025-07-24-at-17-12-37-Instagram.png\" class=\"attachment-full size-full\" alt=\"Imperia Jeweler, New Belgrade\" srcset=\"https:\/\/zlataraimperia.rs\/wp-content\/uploads\/2025\/07\/Screenshot-2025-07-24-at-17-12-37-Instagram.png 919w, https:\/\/zlataraimperia.rs\/wp-content\/uploads\/2025\/07\/Screenshot-2025-07-24-at-17-12-37-Instagram-430x430.png 430w, https:\/\/zlataraimperia.rs\/wp-content\/uploads\/2025\/07\/Screenshot-2025-07-24-at-17-12-37-Instagram-150x150.png 150w, https:\/\/zlataraimperia.rs\/wp-content\/uploads\/2025\/07\/Screenshot-2025-07-24-at-17-12-37-Instagram-700x700.png 700w, https:\/\/zlataraimperia.rs\/wp-content\/uploads\/2025\/07\/Screenshot-2025-07-24-at-17-12-37-Instagram-300x300.png 300w, https:\/\/zlataraimperia.rs\/wp-content\/uploads\/2025\/07\/Screenshot-2025-07-24-at-17-12-37-Instagram-800x800.png 800w, https:\/\/zlataraimperia.rs\/wp-content\/uploads\/2025\/07\/Screenshot-2025-07-24-at-17-12-37-Instagram-768x768.png 768w, https:\/\/zlataraimperia.rs\/wp-content\/uploads\/2025\/07\/Screenshot-2025-07-24-at-17-12-37-Instagram-12x12.png 12w\" sizes=\"auto, (max-width: 919px) 100vw, 919px\" \/>\t\t\t\t\t<\/div>\n\n\t\t\t\t\t\t<\/div>\n\t\t\t\t<\/div>\n\t\t\t\t<div class=\"elementor-element elementor-element-16e31115 elementor-widget elementor-widget-wd_image_or_svg\" data-id=\"16e31115\" data-element_type=\"widget\" data-e-type=\"widget\" data-widget_type=\"wd_image_or_svg.default\">\n\t\t\t\t<div class=\"elementor-widget-container\">\n\t\t\t\t\t\n\t\t<div class=\"wd-image text-left\">\n\t\t\t\t\t\t\t\t<img loading=\"lazy\" decoding=\"async\" width=\"1080\" height=\"1325\" src=\"https:\/\/zlataraimperia.rs\/wp-content\/uploads\/2025\/07\/7e295543-1ba4-4913-96b9-c312f5701b35.jpeg\" class=\"attachment-full size-full\" alt=\"Imperia Jewellers\" srcset=\"https:\/\/zlataraimperia.rs\/wp-content\/uploads\/2025\/07\/7e295543-1ba4-4913-96b9-c312f5701b35.jpeg 1080w, https:\/\/zlataraimperia.rs\/wp-content\/uploads\/2025\/07\/7e295543-1ba4-4913-96b9-c312f5701b35-430x528.jpeg 430w, https:\/\/zlataraimperia.rs\/wp-content\/uploads\/2025\/07\/7e295543-1ba4-4913-96b9-c312f5701b35-150x184.jpeg 150w, https:\/\/zlataraimperia.rs\/wp-content\/uploads\/2025\/07\/7e295543-1ba4-4913-96b9-c312f5701b35-700x859.jpeg 700w, https:\/\/zlataraimperia.rs\/wp-content\/uploads\/2025\/07\/7e295543-1ba4-4913-96b9-c312f5701b35-245x300.jpeg 245w, https:\/\/zlataraimperia.rs\/wp-content\/uploads\/2025\/07\/7e295543-1ba4-4913-96b9-c312f5701b35-652x800.jpeg 652w, https:\/\/zlataraimperia.rs\/wp-content\/uploads\/2025\/07\/7e295543-1ba4-4913-96b9-c312f5701b35-768x942.jpeg 768w, https:\/\/zlataraimperia.rs\/wp-content\/uploads\/2025\/07\/7e295543-1ba4-4913-96b9-c312f5701b35-10x12.jpeg 10w\" sizes=\"auto, (max-width: 1080px) 100vw, 1080px\" \/>\t\t\t\t\t<\/div>\n\n\t\t\t\t\t\t<\/div>\n\t\t\t\t<\/div>\n\t\t\t\t\t<\/div>\n\t\t<\/div>\n\t\t\t\t<div class=\"elementor-column elementor-col-25 elementor-top-column elementor-element elementor-element-12c8392f\" data-id=\"12c8392f\" data-element_type=\"column\" data-e-type=\"column\">\n\t\t\t<div class=\"elementor-widget-wrap elementor-element-populated\">\n\t\t\t\t\t\t<div class=\"elementor-element elementor-element-5aab4a6 elementor-widget elementor-widget-wd_image_or_svg\" data-id=\"5aab4a6\" data-element_type=\"widget\" data-e-type=\"widget\" data-widget_type=\"wd_image_or_svg.default\">\n\t\t\t\t<div class=\"elementor-widget-container\">\n\t\t\t\t\t\n\t\t<div class=\"wd-image text-left\">\n\t\t\t\t\t\t\t\t<img loading=\"lazy\" decoding=\"async\" width=\"919\" height=\"612\" src=\"https:\/\/zlataraimperia.rs\/wp-content\/uploads\/2025\/07\/Screenshot-2025-07-24-at-17-18-21-Instagram.png\" class=\"attachment-full size-full\" alt=\"Belleville Jeweler\" srcset=\"https:\/\/zlataraimperia.rs\/wp-content\/uploads\/2025\/07\/Screenshot-2025-07-24-at-17-18-21-Instagram.png 919w, https:\/\/zlataraimperia.rs\/wp-content\/uploads\/2025\/07\/Screenshot-2025-07-24-at-17-18-21-Instagram-430x286.png 430w, https:\/\/zlataraimperia.rs\/wp-content\/uploads\/2025\/07\/Screenshot-2025-07-24-at-17-18-21-Instagram-150x100.png 150w, https:\/\/zlataraimperia.rs\/wp-content\/uploads\/2025\/07\/Screenshot-2025-07-24-at-17-18-21-Instagram-700x466.png 700w, https:\/\/zlataraimperia.rs\/wp-content\/uploads\/2025\/07\/Screenshot-2025-07-24-at-17-18-21-Instagram-400x266.png 400w, https:\/\/zlataraimperia.rs\/wp-content\/uploads\/2025\/07\/Screenshot-2025-07-24-at-17-18-21-Instagram-768x511.png 768w, https:\/\/zlataraimperia.rs\/wp-content\/uploads\/2025\/07\/Screenshot-2025-07-24-at-17-18-21-Instagram-18x12.png 18w\" sizes=\"auto, (max-width: 919px) 100vw, 919px\" \/>\t\t\t\t\t<\/div>\n\n\t\t\t\t\t\t<\/div>\n\t\t\t\t<\/div>\n\t\t\t\t<div class=\"elementor-element elementor-element-5d6e84ff elementor-widget elementor-widget-wd_image_or_svg\" data-id=\"5d6e84ff\" data-element_type=\"widget\" data-e-type=\"widget\" data-widget_type=\"wd_image_or_svg.default\">\n\t\t\t\t<div class=\"elementor-widget-container\">\n\t\t\t\t\t\n\t\t<div class=\"wd-image text-left\">\n\t\t\t\t\t\t\t\t<img loading=\"lazy\" decoding=\"async\" width=\"743\" height=\"919\" src=\"https:\/\/zlataraimperia.rs\/wp-content\/uploads\/2025\/07\/Screenshot-2025-07-24-at-17-13-06-Instagram.png\" class=\"attachment-full size-full\" alt=\"Imperia Jeweler, New Belgrade\" srcset=\"https:\/\/zlataraimperia.rs\/wp-content\/uploads\/2025\/07\/Screenshot-2025-07-24-at-17-13-06-Instagram.png 743w, https:\/\/zlataraimperia.rs\/wp-content\/uploads\/2025\/07\/Screenshot-2025-07-24-at-17-13-06-Instagram-430x532.png 430w, https:\/\/zlataraimperia.rs\/wp-content\/uploads\/2025\/07\/Screenshot-2025-07-24-at-17-13-06-Instagram-150x186.png 150w, https:\/\/zlataraimperia.rs\/wp-content\/uploads\/2025\/07\/Screenshot-2025-07-24-at-17-13-06-Instagram-700x866.png 700w, https:\/\/zlataraimperia.rs\/wp-content\/uploads\/2025\/07\/Screenshot-2025-07-24-at-17-13-06-Instagram-243x300.png 243w, https:\/\/zlataraimperia.rs\/wp-content\/uploads\/2025\/07\/Screenshot-2025-07-24-at-17-13-06-Instagram-647x800.png 647w, https:\/\/zlataraimperia.rs\/wp-content\/uploads\/2025\/07\/Screenshot-2025-07-24-at-17-13-06-Instagram-10x12.png 10w\" sizes=\"auto, (max-width: 743px) 100vw, 743px\" \/>\t\t\t\t\t<\/div>\n\n\t\t\t\t\t\t<\/div>\n\t\t\t\t<\/div>\n\t\t\t\t<div class=\"elementor-element elementor-element-6ccccb6 elementor-widget elementor-widget-wd_image_or_svg\" data-id=\"6ccccb6\" data-element_type=\"widget\" data-e-type=\"widget\" data-widget_type=\"wd_image_or_svg.default\">\n\t\t\t\t<div class=\"elementor-widget-container\">\n\t\t\t\t\t\n\t\t<div class=\"wd-image text-left\">\n\t\t\t\t\t\t\t\t<img loading=\"lazy\" decoding=\"async\" width=\"1800\" height=\"1201\" src=\"https:\/\/zlataraimperia.rs\/wp-content\/uploads\/2025\/07\/IMG-3827.jpg\" class=\"attachment-full size-full\" alt=\"Engagement rings Imperia Goldsmiths\" srcset=\"https:\/\/zlataraimperia.rs\/wp-content\/uploads\/2025\/07\/IMG-3827.jpg 1800w, https:\/\/zlataraimperia.rs\/wp-content\/uploads\/2025\/07\/IMG-3827-430x287.jpg 430w, https:\/\/zlataraimperia.rs\/wp-content\/uploads\/2025\/07\/IMG-3827-150x100.jpg 150w, https:\/\/zlataraimperia.rs\/wp-content\/uploads\/2025\/07\/IMG-3827-700x467.jpg 700w, https:\/\/zlataraimperia.rs\/wp-content\/uploads\/2025\/07\/IMG-3827-400x267.jpg 400w, https:\/\/zlataraimperia.rs\/wp-content\/uploads\/2025\/07\/IMG-3827-1199x800.jpg 1199w, https:\/\/zlataraimperia.rs\/wp-content\/uploads\/2025\/07\/IMG-3827-768x512.jpg 768w, https:\/\/zlataraimperia.rs\/wp-content\/uploads\/2025\/07\/IMG-3827-1536x1025.jpg 1536w, https:\/\/zlataraimperia.rs\/wp-content\/uploads\/2025\/07\/IMG-3827-18x12.jpg 18w\" sizes=\"auto, (max-width: 1800px) 100vw, 1800px\" \/>\t\t\t\t\t<\/div>\n\n\t\t\t\t\t\t<\/div>\n\t\t\t\t<\/div>\n\t\t\t\t\t<\/div>\n\t\t<\/div>\n\t\t\t\t\t<\/div>\n\t\t<\/section>\n\t\t\t\t<\/div>","protected":false},"excerpt":{"rendered":"<p>Zajedno kroz tre\u0107u deceniju Kombinujemo umetnost i zanat jo\u0161 od 2000. godine Na\u0161a pri\u010da po\u010dela je 2000. godine, kada smo<\/p>","protected":false},"author":2,"featured_media":0,"parent":0,"menu_order":0,"comment_status":"closed","ping_status":"closed","template":"","meta":{"footnotes":""},"class_list":["post-4400","page","type-page","status-publish","hentry"],"_links":{"self":[{"href":"https:\/\/zlataraimperia.rs\/en\/wp-json\/wp\/v2\/pages\/4400","targetHints":{"allow":["GET"]}}],"collection":[{"href":"https:\/\/zlataraimperia.rs\/en\/wp-json\/wp\/v2\/pages"}],"about":[{"href":"https:\/\/zlataraimperia.rs\/en\/wp-json\/wp\/v2\/types\/page"}],"author":[{"embeddable":true,"href":"https:\/\/zlataraimperia.rs\/en\/wp-json\/wp\/v2\/users\/2"}],"replies":[{"embeddable":true,"href":"https:\/\/zlataraimperia.rs\/en\/wp-json\/wp\/v2\/comments?post=4400"}],"version-history":[{"count":26,"href":"https:\/\/zlataraimperia.rs\/en\/wp-json\/wp\/v2\/pages\/4400\/revisions"}],"predecessor-version":[{"id":31792,"href":"https:\/\/zlataraimperia.rs\/en\/wp-json\/wp\/v2\/pages\/4400\/revisions\/31792"}],"wp:attachment":[{"href":"https:\/\/zlataraimperia.rs\/en\/wp-json\/wp\/v2\/media?parent=4400"}],"curies":[{"name":"wp","href":"https:\/\/api.w.org\/{rel}","templated":true}]}}