{"id":31678,"date":"2025-07-24T11:29:25","date_gmt":"2025-07-24T11:29:25","guid":{"rendered":"https:\/\/zlataraimperia.rs\/?page_id=31678"},"modified":"2025-07-25T07:14:00","modified_gmt":"2025-07-25T07:14:00","slug":"busenje-usiju","status":"publish","type":"page","link":"https:\/\/zlataraimperia.rs\/en\/busenje-usiju\/","title":{"rendered":"Ear piercing"},"content":{"rendered":"<div data-elementor-type=\"wp-page\" data-elementor-id=\"31678\" class=\"elementor elementor-31678\" data-elementor-post-type=\"page\">\n\t\t\t\t<div class=\"wd-negative-gap elementor-element elementor-element-0ae3156 wd-section-stretch e-flex e-con-boxed e-con e-parent\" data-id=\"0ae3156\" data-element_type=\"container\" data-e-type=\"container\" data-settings=\"{&quot;background_background&quot;:&quot;classic&quot;}\">\n\t\t\t\t\t<div class=\"e-con-inner\">\n\t\t<div class=\"elementor-element elementor-element-5a865c4 e-con-full e-flex e-con e-child\" data-id=\"5a865c4\" data-element_type=\"container\" data-e-type=\"container\">\n\t\t\t\t<div class=\"elementor-element elementor-element-134fc28 wd-width-100 elementor-widget elementor-widget-wd_title\" data-id=\"134fc28\" data-element_type=\"widget\" data-e-type=\"widget\" data-widget_type=\"wd_title.default\">\n\t\t\t\t<div class=\"elementor-widget-container\">\n\t\t\t\t\t\t\t<div class=\"title-wrapper wd-set-mb reset-last-child wd-title-color-primary wd-title-style-default wd-title-size-default text-left\">\n\n\t\t\t\t\t\t\t\t\t\t\t<div class=\"title-subtitle subtitle-color-primary subtitle-style-default wd-fontsize-xs\">\n\t\t\t\t\tImperia Jewellers\t\t\t\t<\/div>\n\t\t\t\n\t\t\t<div class=\"liner-continer\">\n\t\t\t\t<h4 class=\"woodmart-title-container title wd-fontsize-l\">Ear piercing<\/h4> \n\t\t\t\t\t\t\t<\/div>\n\n\t\t\t\t\t\t\t<div class=\"title-after_title reset-last-child wd-fontsize-xs\">\n\t\t\t\t\tFor ear piercing, we use the currently best device &quot;System 75&quot; from Studex. This system of drilling holes is significantly more innovative than the classic drilling with a gun. All Studex earrings are made of surgical steel and the offer is very large and colorful, and we are sure that the various designs will delight girls.<br \/>\n<br \/>\nEar piercing with this system is significantly less painful than before (painless ear piercing), and when it comes to infections, you don&#039;t have to worry because each earring comes in its own package and is for single use.\t\t\t\t<\/div>\n\t\t\t\t\t<\/div>\n\t\t\t\t\t\t<\/div>\n\t\t\t\t<\/div>\n\t\t\t\t<\/div>\n\t\t<div class=\"elementor-element elementor-element-080c06e elementor-hidden-mobile e-con-full e-flex e-con e-child\" data-id=\"080c06e\" data-element_type=\"container\" data-e-type=\"container\">\n\t\t<div class=\"elementor-element elementor-element-fe19c53 elementor-hidden-mobile e-con-full e-flex e-con e-child\" data-id=\"fe19c53\" data-element_type=\"container\" data-e-type=\"container\">\n\t\t\t\t<div class=\"elementor-element elementor-element-2d4571b elementor-widget elementor-widget-wd_image_or_svg\" data-id=\"2d4571b\" data-element_type=\"widget\" data-e-type=\"widget\" data-widget_type=\"wd_image_or_svg.default\">\n\t\t\t\t<div class=\"elementor-widget-container\">\n\t\t\t\t\t\n\t\t<div class=\"wd-image text-left\">\n\t\t\t\t\t\t\t\t<img loading=\"lazy\" decoding=\"async\" width=\"800\" height=\"533\" src=\"https:\/\/zlataraimperia.rs\/wp-content\/uploads\/2025\/07\/20230516075216-mindjuse-1.png\" class=\"attachment-full size-full\" alt=\"\" srcset=\"https:\/\/zlataraimperia.rs\/wp-content\/uploads\/2025\/07\/20230516075216-mindjuse-1.png 800w, https:\/\/zlataraimperia.rs\/wp-content\/uploads\/2025\/07\/20230516075216-mindjuse-1-400x267.png 400w, https:\/\/zlataraimperia.rs\/wp-content\/uploads\/2025\/07\/20230516075216-mindjuse-1-768x512.png 768w, https:\/\/zlataraimperia.rs\/wp-content\/uploads\/2025\/07\/20230516075216-mindjuse-1-18x12.png 18w, https:\/\/zlataraimperia.rs\/wp-content\/uploads\/2025\/07\/20230516075216-mindjuse-1-430x286.png 430w, https:\/\/zlataraimperia.rs\/wp-content\/uploads\/2025\/07\/20230516075216-mindjuse-1-700x466.png 700w, https:\/\/zlataraimperia.rs\/wp-content\/uploads\/2025\/07\/20230516075216-mindjuse-1-150x100.png 150w\" sizes=\"auto, (max-width: 800px) 100vw, 800px\" \/>\t\t\t\t\t<\/div>\n\n\t\t\t\t\t\t<\/div>\n\t\t\t\t<\/div>\n\t\t\t\t<div class=\"elementor-element elementor-element-cb63963 elementor-widget elementor-widget-wd_image_or_svg\" data-id=\"cb63963\" data-element_type=\"widget\" data-e-type=\"widget\" data-widget_type=\"wd_image_or_svg.default\">\n\t\t\t\t<div class=\"elementor-widget-container\">\n\t\t\t\t\t\n\t\t<div class=\"wd-image text-left\">\n\t\t\t\t\t\t\t\t<img loading=\"lazy\" decoding=\"async\" width=\"800\" height=\"533\" src=\"https:\/\/zlataraimperia.rs\/wp-content\/uploads\/2025\/07\/20230516075236-mindjuse-2.png\" class=\"attachment-full size-full\" alt=\"\" srcset=\"https:\/\/zlataraimperia.rs\/wp-content\/uploads\/2025\/07\/20230516075236-mindjuse-2.png 800w, https:\/\/zlataraimperia.rs\/wp-content\/uploads\/2025\/07\/20230516075236-mindjuse-2-400x267.png 400w, https:\/\/zlataraimperia.rs\/wp-content\/uploads\/2025\/07\/20230516075236-mindjuse-2-768x512.png 768w, https:\/\/zlataraimperia.rs\/wp-content\/uploads\/2025\/07\/20230516075236-mindjuse-2-18x12.png 18w, https:\/\/zlataraimperia.rs\/wp-content\/uploads\/2025\/07\/20230516075236-mindjuse-2-430x286.png 430w, https:\/\/zlataraimperia.rs\/wp-content\/uploads\/2025\/07\/20230516075236-mindjuse-2-700x466.png 700w, https:\/\/zlataraimperia.rs\/wp-content\/uploads\/2025\/07\/20230516075236-mindjuse-2-150x100.png 150w\" sizes=\"auto, (max-width: 800px) 100vw, 800px\" \/>\t\t\t\t\t<\/div>\n\n\t\t\t\t\t\t<\/div>\n\t\t\t\t<\/div>\n\t\t\t\t<\/div>\n\t\t\t\t<\/div>\n\t\t\t\t\t<\/div>\n\t\t\t\t<\/div>\n\t\t\t\t<\/div>","protected":false},"excerpt":{"rendered":"<p>Zlatara Imperia Bu\u0161enje u\u0161iju Pri bu\u0161enju u\u0161iju koristimo trenutno najbolji aparat \u201eSistem 75\u201c proizvodja\u010da Studex. Ovaj sistem bu\u0161enja usiju znatno<\/p>","protected":false},"author":2,"featured_media":0,"parent":0,"menu_order":0,"comment_status":"closed","ping_status":"closed","template":"elementor_header_footer","meta":{"footnotes":""},"class_list":["post-31678","page","type-page","status-publish","hentry"],"_links":{"self":[{"href":"https:\/\/zlataraimperia.rs\/en\/wp-json\/wp\/v2\/pages\/31678","targetHints":{"allow":["GET"]}}],"collection":[{"href":"https:\/\/zlataraimperia.rs\/en\/wp-json\/wp\/v2\/pages"}],"about":[{"href":"https:\/\/zlataraimperia.rs\/en\/wp-json\/wp\/v2\/types\/page"}],"author":[{"embeddable":true,"href":"https:\/\/zlataraimperia.rs\/en\/wp-json\/wp\/v2\/users\/2"}],"replies":[{"embeddable":true,"href":"https:\/\/zlataraimperia.rs\/en\/wp-json\/wp\/v2\/comments?post=31678"}],"version-history":[{"count":4,"href":"https:\/\/zlataraimperia.rs\/en\/wp-json\/wp\/v2\/pages\/31678\/revisions"}],"predecessor-version":[{"id":31856,"href":"https:\/\/zlataraimperia.rs\/en\/wp-json\/wp\/v2\/pages\/31678\/revisions\/31856"}],"wp:attachment":[{"href":"https:\/\/zlataraimperia.rs\/en\/wp-json\/wp\/v2\/media?parent=31678"}],"curies":[{"name":"wp","href":"https:\/\/api.w.org\/{rel}","templated":true}]}}