{"id":15806,"date":"2024-08-05T12:53:16","date_gmt":"2024-08-05T12:53:16","guid":{"rendered":"https:\/\/zlataraimperia.rs\/?page_id=15806"},"modified":"2025-07-29T11:21:03","modified_gmt":"2025-07-29T11:21:03","slug":"politika-privatnosti","status":"publish","type":"page","link":"https:\/\/zlataraimperia.rs\/en\/info-stranice\/politika-privatnosti\/","title":{"rendered":"Privacy Policy"},"content":{"rendered":"<div data-elementor-type=\"wp-page\" data-elementor-id=\"15806\" class=\"elementor elementor-15806\" data-elementor-post-type=\"page\">\n\t\t\t\t<div class=\"wd-negative-gap elementor-element elementor-element-20af6f8d e-flex e-con-boxed e-con e-parent\" data-id=\"20af6f8d\" data-element_type=\"container\" data-e-type=\"container\">\n\t\t\t\t\t<div class=\"e-con-inner\">\n\t\t<div class=\"elementor-element elementor-element-3ec3fd64 e-con-full e-flex e-con e-child\" data-id=\"3ec3fd64\" data-element_type=\"container\" data-e-type=\"container\">\n\t\t<div class=\"elementor-element elementor-element-2d0dd3d5 e-con-full elementor-hidden-tablet elementor-hidden-mobile e-flex e-con e-child\" data-id=\"2d0dd3d5\" data-element_type=\"container\" data-e-type=\"container\" data-settings=\"{&quot;background_background&quot;:&quot;classic&quot;}\">\n\t\t\t\t<div class=\"elementor-element elementor-element-174f9a2e elementor-widget elementor-widget-sidebar\" data-id=\"174f9a2e\" data-element_type=\"widget\" data-e-type=\"widget\" data-widget_type=\"sidebar.default\">\n\t\t\t\t\t<div id=\"nav_menu-19\" class=\"wd-widget widget sidebar-widget widget_nav_menu\"><div class=\"menu-top-bar-right-container\"><ul id=\"menu-top-bar-right\" class=\"menu\"><li id=\"menu-item-31890\" class=\"menu-item menu-item-type-post_type menu-item-object-page menu-item-has-children menu-item-31890\"><a href=\"https:\/\/zlataraimperia.rs\/en\/info-stranice\/\">Info pages<\/a>\n<ul class=\"sub-menu\">\n\t<li id=\"menu-item-31877\" class=\"menu-item menu-item-type-post_type menu-item-object-page menu-item-privacy-policy menu-item-31877\"><a rel=\"privacy-policy\" href=\"https:\/\/zlataraimperia.rs\/en\/info-stranice\/politika-privatnosti\/\">Privacy Policy<\/a><\/li>\n\t<li id=\"menu-item-31879\" class=\"menu-item menu-item-type-post_type menu-item-object-page menu-item-31879\"><a href=\"https:\/\/zlataraimperia.rs\/en\/info-stranice\/nacini-placanja-i-isporuka\/\">Payment and delivery methods<\/a><\/li>\n\t<li id=\"menu-item-31880\" class=\"menu-item menu-item-type-post_type menu-item-object-page menu-item-31880\"><a href=\"https:\/\/zlataraimperia.rs\/en\/info-stranice\/faqs\/\">Frequently asked questions<\/a><\/li>\n\t<li id=\"menu-item-31882\" class=\"menu-item menu-item-type-post_type menu-item-object-page menu-item-31882\"><a href=\"https:\/\/zlataraimperia.rs\/en\/info-stranice\/politika-reklamacija\/\">Complaints policy<\/a><\/li>\n\t<li id=\"menu-item-31884\" class=\"menu-item menu-item-type-post_type menu-item-object-page menu-item-31884\"><a href=\"https:\/\/zlataraimperia.rs\/en\/info-stranice\/uslovi-koriscenja\/\">Terms of use<\/a><\/li>\n<\/ul>\n<\/li>\n<li id=\"menu-item-31886\" class=\"menu-item menu-item-type-post_type menu-item-object-page menu-item-31886\"><a href=\"https:\/\/zlataraimperia.rs\/en\/kontakt\/\">Contact<\/a><\/li>\n<li id=\"menu-item-31887\" class=\"menu-item menu-item-type-post_type menu-item-object-page menu-item-31887\"><a href=\"https:\/\/zlataraimperia.rs\/en\/o-nama\/\">About us<\/a><\/li>\n<li id=\"menu-item-31888\" class=\"menu-item menu-item-type-post_type menu-item-object-page menu-item-31888\"><a href=\"https:\/\/zlataraimperia.rs\/en\/busenje-usiju\/\">Ear piercing<\/a><\/li>\n<li id=\"menu-item-31891\" class=\"menu-item menu-item-type-post_type menu-item-object-page menu-item-31891\"><a href=\"https:\/\/zlataraimperia.rs\/en\/otkup-zlata\/\">Buying gold<\/a><\/li>\n<li id=\"menu-item-31892\" class=\"menu-item menu-item-type-post_type menu-item-object-page menu-item-31892\"><a href=\"https:\/\/zlataraimperia.rs\/en\/popravka-nakita\/\">Jewelry repair<\/a><\/li>\n<li id=\"menu-item-31889\" class=\"menu-item menu-item-type-post_type menu-item-object-page menu-item-31889\"><a href=\"https:\/\/zlataraimperia.rs\/en\/dijamant-u-blisteru\/\">Diamond in a blister<\/a><\/li>\n<\/ul><\/div><\/div>\t\t\t\t<\/div>\n\t\t\t\t<\/div>\n\t\t<div class=\"elementor-element elementor-element-17767953 e-con-full e-flex e-con e-child\" data-id=\"17767953\" data-element_type=\"container\" data-e-type=\"container\">\n\t\t\t\t<div class=\"elementor-element elementor-element-a9a5c2f color-scheme-inherit text-left elementor-widget elementor-widget-text-editor\" data-id=\"a9a5c2f\" data-element_type=\"widget\" data-e-type=\"widget\" data-widget_type=\"text-editor.default\">\n\t\t\t\t\t\t\t\t\t<div class=\"row\"><div class=\"col-12\"><p><strong>1. GENERAL INFORMATION<\/strong><\/p><p>Marina \u0110ukanovi\u0107 PR of Zlatara Imperia (hereinafter referred to as Zlatara Imperia) has created this document called privacy policy with the aim of protecting itself and its users. Site visitors who have not become registered users, as well as registered users, are obliged to inform themselves about the site&#039;s policies. It is in mutual interest that these policies are respected.<\/p><p>Users are obliged to read this policy, but also to periodically return to this text because there may be some changes, and any use of the site after those changes implies that the user is familiar with them. Zlatara Imperia reserves the right to modify this Privacy Policy at any time in some of its parts. Zlatara Imperia may or may not notify all active registered users by email about changes to the privacy policy, and it is understood that all site users are aware of and agree to it.<\/p><p><strong>2. COOKIES<\/strong><\/p><p>When you view the pages at www.zlataraimperia.rs, and you have not registered for one of our online services, you do so anonymously. On that occasion, we do not collect your personal information. However, our software uses the so-called cookies (cookies) for collecting information about how to use their Internet pages. On a group basis, information is collected and monitored about the server to which your computer is connected, the type of your internet browser (eg Firefox or Internet Explorer).<\/p><p><strong>3. COLLECTION OF INFORMATION<\/strong><\/p><p>For each registered user, Zlatara Imperia will assume that the user is familiar with this Privacy Policy and that he has accepted that the data he left on the site will be used in accordance with this privacy policy.<\/p><p>Zlatara Imperia takes the Privacy Policy very seriously and it is very important to us that our users correctly understand how their data is collected, used and processed on our site. This privacy policy is valid for the entire website. Personal information about the user is collected exclusively for the purpose of the good functioning of the www.zlataraimperia.rs project.<\/p><p>Personal information about the user can be: those left when registering or purchasing products on the site, but it can be information that Zlatara Imperia receives from the user through various activities on the site itself, which Zlatara Imperia uses to improve the user experience, monitor visits to our products and promote based on preferences for certain groups of products. These can be subscriptions to the newsletter, filling out surveys, opinions we receive from you... Users who receive the newsletter to the email address they left during registration or viber\/sms messages via the mobile phone number they left during registration have the option to unsubscribe from those lists.<\/p><p><strong>4. USE OF INFORMATION<\/strong><\/p><p>Zlatara Imperia will use all collected information with great responsibility and will take all precautions to prevent unauthorized access to this data. Zlatara Imperia will not share any information about users collected on this site with third parties.<\/p><p>Zlatara Imperia will probably address users with various notifications about products and services or offer participation in some surveys, ask for opinions or experiences, and the like through the emails sent during registration. For each such address, the user will be able to voluntarily accept it or opt out of the list.<\/p><p>Zlatara Imperia can publish information of a general type to third parties, but it will not be possible to identify an individual - the user - from this information.<\/p><p><strong>5. INFORMATION PROCESSING<\/strong><\/p><p>Zlatara Imperia will process data in accordance with the rules of this site. Zlatara Imperia will not go beyond the framework agreed in these regulations and the processing of personal information will be used for the purpose of the best possible functioning of the website.<\/p><p><strong>6. DISCLAIMER<\/strong><\/p><p>Zlatara Imperia is not responsible for possible failures in the security of information that are not under the control of Zlatara Imperia. Precisely because of the fact that data security cannot be 100% guaranteed, Zlatara Imperia made a decision to require a minimum of information from clients and we expect the user to understand these circumstances and agree with this level of security, i.e. these privacy policies.<\/p><p>Zlatara Imperia guarantees that in the process of handling and processing personal information, it will apply all standard security measures and protect personal data collected from its users.<\/p><\/div><\/div>\t\t\t\t\t\t\t\t<\/div>\n\t\t\t\t<\/div>\n\t\t\t\t<\/div>\n\t\t\t\t\t<\/div>\n\t\t\t\t<\/div>\n\t\t\t\t<\/div>","protected":false},"excerpt":{"rendered":"<p>1. OP\u0160TE INFORMACIJE Marina \u0110ukanovi\u0107 PR Zlatara Imperia (u daljem tekstu Zlatara Imperia) sa ciljem da za\u0161titi sebe i svoje<\/p>","protected":false},"author":5,"featured_media":0,"parent":15764,"menu_order":0,"comment_status":"closed","ping_status":"closed","template":"elementor_header_footer","meta":{"footnotes":""},"class_list":["post-15806","page","type-page","status-publish","hentry"],"_links":{"self":[{"href":"https:\/\/zlataraimperia.rs\/en\/wp-json\/wp\/v2\/pages\/15806","targetHints":{"allow":["GET"]}}],"collection":[{"href":"https:\/\/zlataraimperia.rs\/en\/wp-json\/wp\/v2\/pages"}],"about":[{"href":"https:\/\/zlataraimperia.rs\/en\/wp-json\/wp\/v2\/types\/page"}],"author":[{"embeddable":true,"href":"https:\/\/zlataraimperia.rs\/en\/wp-json\/wp\/v2\/users\/5"}],"replies":[{"embeddable":true,"href":"https:\/\/zlataraimperia.rs\/en\/wp-json\/wp\/v2\/comments?post=15806"}],"version-history":[{"count":25,"href":"https:\/\/zlataraimperia.rs\/en\/wp-json\/wp\/v2\/pages\/15806\/revisions"}],"predecessor-version":[{"id":31908,"href":"https:\/\/zlataraimperia.rs\/en\/wp-json\/wp\/v2\/pages\/15806\/revisions\/31908"}],"up":[{"embeddable":true,"href":"https:\/\/zlataraimperia.rs\/en\/wp-json\/wp\/v2\/pages\/15764"}],"wp:attachment":[{"href":"https:\/\/zlataraimperia.rs\/en\/wp-json\/wp\/v2\/media?parent=15806"}],"curies":[{"name":"wp","href":"https:\/\/api.w.org\/{rel}","templated":true}]}}