{"id":15773,"date":"2024-08-05T11:57:11","date_gmt":"2024-08-05T11:57:11","guid":{"rendered":"https:\/\/zlataraimperia.rs\/?page_id=15773"},"modified":"2025-07-29T11:21:29","modified_gmt":"2025-07-29T11:21:29","slug":"nacini-placanja-i-isporuka","status":"publish","type":"page","link":"https:\/\/zlataraimperia.rs\/en\/info-stranice\/nacini-placanja-i-isporuka\/","title":{"rendered":"Payment and delivery methods"},"content":{"rendered":"<div data-elementor-type=\"wp-page\" data-elementor-id=\"15773\" class=\"elementor elementor-15773\" data-elementor-post-type=\"page\">\n\t\t\t\t<div class=\"wd-negative-gap elementor-element elementor-element-c4db71a e-flex e-con-boxed e-con e-parent\" data-id=\"c4db71a\" data-element_type=\"container\" data-e-type=\"container\">\n\t\t\t\t\t<div class=\"e-con-inner\">\n\t\t<div class=\"elementor-element elementor-element-5a710b8e e-con-full e-flex e-con e-child\" data-id=\"5a710b8e\" data-element_type=\"container\" data-e-type=\"container\">\n\t\t<div class=\"elementor-element elementor-element-ea96f95 e-con-full elementor-hidden-tablet elementor-hidden-mobile e-flex e-con e-child\" data-id=\"ea96f95\" data-element_type=\"container\" data-e-type=\"container\" data-settings=\"{&quot;background_background&quot;:&quot;classic&quot;}\">\n\t\t\t\t<div class=\"elementor-element elementor-element-394b6d1 elementor-widget elementor-widget-sidebar\" data-id=\"394b6d1\" data-element_type=\"widget\" data-e-type=\"widget\" data-widget_type=\"sidebar.default\">\n\t\t\t\t\t<div id=\"nav_menu-19\" class=\"wd-widget widget sidebar-widget widget_nav_menu\"><div class=\"menu-top-bar-right-container\"><ul id=\"menu-top-bar-right\" class=\"menu\"><li id=\"menu-item-31890\" class=\"menu-item menu-item-type-post_type menu-item-object-page menu-item-has-children menu-item-31890\"><a href=\"https:\/\/zlataraimperia.rs\/en\/info-stranice\/\">Info pages<\/a>\n<ul class=\"sub-menu\">\n\t<li id=\"menu-item-31877\" class=\"menu-item menu-item-type-post_type menu-item-object-page menu-item-privacy-policy menu-item-31877\"><a rel=\"privacy-policy\" href=\"https:\/\/zlataraimperia.rs\/en\/info-stranice\/politika-privatnosti\/\">Privacy Policy<\/a><\/li>\n\t<li id=\"menu-item-31879\" class=\"menu-item menu-item-type-post_type menu-item-object-page menu-item-31879\"><a href=\"https:\/\/zlataraimperia.rs\/en\/info-stranice\/nacini-placanja-i-isporuka\/\">Payment and delivery methods<\/a><\/li>\n\t<li id=\"menu-item-31880\" class=\"menu-item menu-item-type-post_type menu-item-object-page menu-item-31880\"><a href=\"https:\/\/zlataraimperia.rs\/en\/info-stranice\/faqs\/\">Frequently asked questions<\/a><\/li>\n\t<li id=\"menu-item-31882\" class=\"menu-item menu-item-type-post_type menu-item-object-page menu-item-31882\"><a href=\"https:\/\/zlataraimperia.rs\/en\/info-stranice\/politika-reklamacija\/\">Complaints policy<\/a><\/li>\n\t<li id=\"menu-item-31884\" class=\"menu-item menu-item-type-post_type menu-item-object-page menu-item-31884\"><a href=\"https:\/\/zlataraimperia.rs\/en\/info-stranice\/uslovi-koriscenja\/\">Terms of use<\/a><\/li>\n<\/ul>\n<\/li>\n<li id=\"menu-item-31886\" class=\"menu-item menu-item-type-post_type menu-item-object-page menu-item-31886\"><a href=\"https:\/\/zlataraimperia.rs\/en\/kontakt\/\">Contact<\/a><\/li>\n<li id=\"menu-item-31887\" class=\"menu-item menu-item-type-post_type menu-item-object-page menu-item-31887\"><a href=\"https:\/\/zlataraimperia.rs\/en\/o-nama\/\">About us<\/a><\/li>\n<li id=\"menu-item-31888\" class=\"menu-item menu-item-type-post_type menu-item-object-page menu-item-31888\"><a href=\"https:\/\/zlataraimperia.rs\/en\/busenje-usiju\/\">Ear piercing<\/a><\/li>\n<li id=\"menu-item-31891\" class=\"menu-item menu-item-type-post_type menu-item-object-page menu-item-31891\"><a href=\"https:\/\/zlataraimperia.rs\/en\/otkup-zlata\/\">Buying gold<\/a><\/li>\n<li id=\"menu-item-31892\" class=\"menu-item menu-item-type-post_type menu-item-object-page menu-item-31892\"><a href=\"https:\/\/zlataraimperia.rs\/en\/popravka-nakita\/\">Jewelry repair<\/a><\/li>\n<li id=\"menu-item-31889\" class=\"menu-item menu-item-type-post_type menu-item-object-page menu-item-31889\"><a href=\"https:\/\/zlataraimperia.rs\/en\/dijamant-u-blisteru\/\">Diamond in a blister<\/a><\/li>\n<\/ul><\/div><\/div>\t\t\t\t<\/div>\n\t\t\t\t<\/div>\n\t\t<div class=\"elementor-element elementor-element-7b2a573c e-con-full e-flex e-con e-child\" data-id=\"7b2a573c\" data-element_type=\"container\" data-e-type=\"container\">\n\t\t\t\t<div class=\"elementor-element elementor-element-555d0cb color-scheme-inherit text-left elementor-widget elementor-widget-text-editor\" data-id=\"555d0cb\" data-element_type=\"widget\" data-e-type=\"widget\" data-widget_type=\"text-editor.default\">\n\t\t\t\t\t\t\t\t\t<div class=\"row\"><div class=\"col-12\"><p>You can pay for products ordered on the website www.zlataraimperia.rs in two ways:<\/p><p><strong>Payment of products with payment cards SOON<\/strong><\/p><p>You can pay for your online order using your VISA, EC\/MC or Maestro payment card. You need to choose the payment method Visa, Master or Maestro, and then you will be directed to the 3D Secure side of the bank, where you will enter your data and follow further instructions. Payment is not possible in foreign currency.<\/p><p>The customer who uses the online card payment service through our website is obliged to fulfill the following conditions:<\/p><ul><li>Delivery of goods is possible only on the territory of Serbia and exclusively to the address specified in the user profile.<\/li><li>Only the owner of the payment card can make the payment.<\/li><\/ul><p><strong>Payment of products by cash on delivery (payment upon delivery of goods)<\/strong><\/p><p>With cash on delivery, you pay the ordered goods to the courier in cash upon delivery and collection of the product at the address you specified when placing the order.<\/p><p><strong>Product delivery<\/strong><\/p><p>In cooperation with the courier service Post Express, we deliver the purchased goods to your home address on the territory of Serbia.<\/p><p>The price of delivery of orders will be charged according to the valid price list of the Post Express courier service. You can view the current prices and conditions <a href=\"http:\/\/www.postexpress.rs\/struktura\/lat\/cenovnik\/cenovnik-unutrasnji-saobracaj.asp\" target=\"_blank\" rel=\"noopener\"><u>HERE<\/u><\/a>. Goods ordered by 15:00 every working day will be delivered to the customer&#039;s address within 4 (four) working days at the latest.<\/p><\/div><\/div>\t\t\t\t\t\t\t\t<\/div>\n\t\t\t\t<\/div>\n\t\t\t\t<\/div>\n\t\t\t\t\t<\/div>\n\t\t\t\t<\/div>\n\t\t\t\t<\/div>","protected":false},"excerpt":{"rendered":"<p>Pla\u0107anje poru\u010denih proizvoda na web sajtu www.zlataraimperia.rs mo\u017eete obaviti na dva na\u010dina: Pla\u0107anje proizvoda platnim karticama USKORO Svoju online narud\u017ebinu<\/p>","protected":false},"author":5,"featured_media":0,"parent":15764,"menu_order":0,"comment_status":"closed","ping_status":"closed","template":"elementor_header_footer","meta":{"footnotes":""},"class_list":["post-15773","page","type-page","status-publish","hentry"],"_links":{"self":[{"href":"https:\/\/zlataraimperia.rs\/en\/wp-json\/wp\/v2\/pages\/15773","targetHints":{"allow":["GET"]}}],"collection":[{"href":"https:\/\/zlataraimperia.rs\/en\/wp-json\/wp\/v2\/pages"}],"about":[{"href":"https:\/\/zlataraimperia.rs\/en\/wp-json\/wp\/v2\/types\/page"}],"author":[{"embeddable":true,"href":"https:\/\/zlataraimperia.rs\/en\/wp-json\/wp\/v2\/users\/5"}],"replies":[{"embeddable":true,"href":"https:\/\/zlataraimperia.rs\/en\/wp-json\/wp\/v2\/comments?post=15773"}],"version-history":[{"count":15,"href":"https:\/\/zlataraimperia.rs\/en\/wp-json\/wp\/v2\/pages\/15773\/revisions"}],"predecessor-version":[{"id":31911,"href":"https:\/\/zlataraimperia.rs\/en\/wp-json\/wp\/v2\/pages\/15773\/revisions\/31911"}],"up":[{"embeddable":true,"href":"https:\/\/zlataraimperia.rs\/en\/wp-json\/wp\/v2\/pages\/15764"}],"wp:attachment":[{"href":"https:\/\/zlataraimperia.rs\/en\/wp-json\/wp\/v2\/media?parent=15773"}],"curies":[{"name":"wp","href":"https:\/\/api.w.org\/{rel}","templated":true}]}}