{"id":15764,"date":"2024-08-05T09:54:28","date_gmt":"2024-08-05T09:54:28","guid":{"rendered":"https:\/\/zlataraimperia.rs\/?page_id=15764"},"modified":"2025-07-29T11:18:50","modified_gmt":"2025-07-29T11:18:50","slug":"info-stranice","status":"publish","type":"page","link":"https:\/\/zlataraimperia.rs\/en\/info-stranice\/","title":{"rendered":"Info pages"},"content":{"rendered":"<div data-elementor-type=\"wp-page\" data-elementor-id=\"15764\" class=\"elementor elementor-15764\" data-elementor-post-type=\"page\">\n\t\t\t\t<div class=\"wd-negative-gap elementor-element elementor-element-3f607cb6 e-flex e-con-boxed e-con e-parent\" data-id=\"3f607cb6\" data-element_type=\"container\" data-e-type=\"container\">\n\t\t\t\t\t<div class=\"e-con-inner\">\n\t\t<div class=\"elementor-element elementor-element-418aef59 e-con-full e-flex e-con e-child\" data-id=\"418aef59\" data-element_type=\"container\" data-e-type=\"container\">\n\t\t<div class=\"elementor-element elementor-element-6fb96aff e-con-full elementor-hidden-tablet elementor-hidden-mobile e-flex e-con e-child\" data-id=\"6fb96aff\" data-element_type=\"container\" data-e-type=\"container\" data-settings=\"{&quot;background_background&quot;:&quot;classic&quot;}\">\n\t\t\t\t<div class=\"elementor-element elementor-element-39a7f3cc elementor-widget elementor-widget-sidebar\" data-id=\"39a7f3cc\" data-element_type=\"widget\" data-e-type=\"widget\" data-widget_type=\"sidebar.default\">\n\t\t\t\t\t<div id=\"nav_menu-19\" class=\"wd-widget widget sidebar-widget widget_nav_menu\"><div class=\"menu-top-bar-right-container\"><ul id=\"menu-top-bar-right\" class=\"menu\"><li id=\"menu-item-31890\" class=\"menu-item menu-item-type-post_type menu-item-object-page menu-item-has-children menu-item-31890\"><a href=\"https:\/\/zlataraimperia.rs\/en\/info-stranice\/\">Info pages<\/a>\n<ul class=\"sub-menu\">\n\t<li id=\"menu-item-31877\" class=\"menu-item menu-item-type-post_type menu-item-object-page menu-item-privacy-policy menu-item-31877\"><a rel=\"privacy-policy\" href=\"https:\/\/zlataraimperia.rs\/en\/info-stranice\/politika-privatnosti\/\">Privacy Policy<\/a><\/li>\n\t<li id=\"menu-item-31879\" class=\"menu-item menu-item-type-post_type menu-item-object-page menu-item-31879\"><a href=\"https:\/\/zlataraimperia.rs\/en\/info-stranice\/nacini-placanja-i-isporuka\/\">Payment and delivery methods<\/a><\/li>\n\t<li id=\"menu-item-31880\" class=\"menu-item menu-item-type-post_type menu-item-object-page menu-item-31880\"><a href=\"https:\/\/zlataraimperia.rs\/en\/info-stranice\/faqs\/\">Frequently asked questions<\/a><\/li>\n\t<li id=\"menu-item-31882\" class=\"menu-item menu-item-type-post_type menu-item-object-page menu-item-31882\"><a href=\"https:\/\/zlataraimperia.rs\/en\/info-stranice\/politika-reklamacija\/\">Complaints policy<\/a><\/li>\n\t<li id=\"menu-item-31884\" class=\"menu-item menu-item-type-post_type menu-item-object-page menu-item-31884\"><a href=\"https:\/\/zlataraimperia.rs\/en\/info-stranice\/uslovi-koriscenja\/\">Terms of use<\/a><\/li>\n<\/ul>\n<\/li>\n<li id=\"menu-item-31886\" class=\"menu-item menu-item-type-post_type menu-item-object-page menu-item-31886\"><a href=\"https:\/\/zlataraimperia.rs\/en\/kontakt\/\">Contact<\/a><\/li>\n<li id=\"menu-item-31887\" class=\"menu-item menu-item-type-post_type menu-item-object-page menu-item-31887\"><a href=\"https:\/\/zlataraimperia.rs\/en\/o-nama\/\">About us<\/a><\/li>\n<li id=\"menu-item-31888\" class=\"menu-item menu-item-type-post_type menu-item-object-page menu-item-31888\"><a href=\"https:\/\/zlataraimperia.rs\/en\/busenje-usiju\/\">Ear piercing<\/a><\/li>\n<li id=\"menu-item-31891\" class=\"menu-item menu-item-type-post_type menu-item-object-page menu-item-31891\"><a href=\"https:\/\/zlataraimperia.rs\/en\/otkup-zlata\/\">Buying gold<\/a><\/li>\n<li id=\"menu-item-31892\" class=\"menu-item menu-item-type-post_type menu-item-object-page menu-item-31892\"><a href=\"https:\/\/zlataraimperia.rs\/en\/popravka-nakita\/\">Jewelry repair<\/a><\/li>\n<li id=\"menu-item-31889\" class=\"menu-item menu-item-type-post_type menu-item-object-page menu-item-31889\"><a href=\"https:\/\/zlataraimperia.rs\/en\/dijamant-u-blisteru\/\">Diamond in a blister<\/a><\/li>\n<\/ul><\/div><\/div>\t\t\t\t<\/div>\n\t\t\t\t<\/div>\n\t\t<div class=\"elementor-element elementor-element-7b8a4c86 e-con-full e-flex e-con e-child\" data-id=\"7b8a4c86\" data-element_type=\"container\" data-e-type=\"container\">\n\t\t\t\t<div class=\"elementor-element elementor-element-7c914a3 color-scheme-inherit text-left elementor-widget elementor-widget-text-editor\" data-id=\"7c914a3\" data-element_type=\"widget\" data-e-type=\"widget\" data-widget_type=\"text-editor.default\">\n\t\t\t\t\t\t\t\t\t<p style=\"text-align: justify;\">You can view all information and service pages below:<\/p><ul><li><a href=\"\/en\/info-stranice\/uslovi-koriscenja\/\">Terms of use<\/a><\/li><li><a href=\"\/en\/info-stranice\/nacin-placanja\/\">Payment methods<\/a><\/li><li><a href=\"\/en\/info-stranice\/politika-privatnosti\/\">Privacy Policy<\/a><\/li><li><a href=\"\/en\/info-stranice\/pravo-na-odustajanje\/\">Right to withdraw<\/a><\/li><li><a href=\"\/en\/info-stranice\/reklamacije\/\">Complaints<\/a><\/li><li><a href=\"\/en\/info-stranice\/dostava\/\">Delivery information<\/a><\/li><li><a href=\"\/en\/info-stranice\/obavestenje-o-kolacicima\/\">Cookie Notice<\/a><\/li><li><a href=\"\/en\/info-stranice\/faqs\/\">Frequently asked questions<\/a><\/li><li><a href=\"\/en\/info-stranice\/zamena-artikala\/\">Item replacement<\/a><\/li><\/ul>\t\t\t\t\t\t\t\t<\/div>\n\t\t\t\t<div class=\"elementor-element elementor-element-487196f1 color-scheme-inherit text-left elementor-widget elementor-widget-text-editor\" data-id=\"487196f1\" data-element_type=\"widget\" data-e-type=\"widget\" data-widget_type=\"text-editor.default\">\n\t\t\t\t\t\t\t\t\t<p>If you want to contact us, you can do it by phone, mail or online contact form.<\/p>\t\t\t\t\t\t\t\t<\/div>\n\t\t\t\t<\/div>\n\t\t\t\t<\/div>\n\t\t\t\t\t<\/div>\n\t\t\t\t<\/div>\n\t\t<div class=\"wd-negative-gap elementor-element elementor-element-7ea9ab8 e-flex e-con-boxed e-con e-parent\" data-id=\"7ea9ab8\" data-element_type=\"container\" data-e-type=\"container\">\n\t\t\t\t\t<div class=\"e-con-inner\">\n\t\t\t\t\t<\/div>\n\t\t\t\t<\/div>\n\t\t\t\t<\/div>","protected":false},"excerpt":{"rendered":"<p>Sve informativne strane i strane servisa mo\u017eete pogledati ispod: Uslovi kori\u0161\u0107enja Na\u010dini pla\u0107anja Politika privatnosti Pravo na odustajanje Reklamacije Informacije<\/p>","protected":false},"author":5,"featured_media":0,"parent":0,"menu_order":0,"comment_status":"closed","ping_status":"closed","template":"elementor_header_footer","meta":{"footnotes":""},"class_list":["post-15764","page","type-page","status-publish","hentry"],"_links":{"self":[{"href":"https:\/\/zlataraimperia.rs\/en\/wp-json\/wp\/v2\/pages\/15764","targetHints":{"allow":["GET"]}}],"collection":[{"href":"https:\/\/zlataraimperia.rs\/en\/wp-json\/wp\/v2\/pages"}],"about":[{"href":"https:\/\/zlataraimperia.rs\/en\/wp-json\/wp\/v2\/types\/page"}],"author":[{"embeddable":true,"href":"https:\/\/zlataraimperia.rs\/en\/wp-json\/wp\/v2\/users\/5"}],"replies":[{"embeddable":true,"href":"https:\/\/zlataraimperia.rs\/en\/wp-json\/wp\/v2\/comments?post=15764"}],"version-history":[{"count":16,"href":"https:\/\/zlataraimperia.rs\/en\/wp-json\/wp\/v2\/pages\/15764\/revisions"}],"predecessor-version":[{"id":31902,"href":"https:\/\/zlataraimperia.rs\/en\/wp-json\/wp\/v2\/pages\/15764\/revisions\/31902"}],"wp:attachment":[{"href":"https:\/\/zlataraimperia.rs\/en\/wp-json\/wp\/v2\/media?parent=15764"}],"curies":[{"name":"wp","href":"https:\/\/api.w.org\/{rel}","templated":true}]}}